{"id":512,"date":"2019-05-22T09:33:16","date_gmt":"2019-05-22T09:33:16","guid":{"rendered":"http:\/\/avivasistemgrup.com\/?page_id=512"},"modified":"2022-01-03T08:18:10","modified_gmt":"2022-01-03T08:18:10","slug":"politica-de-privacidad-2","status":"publish","type":"page","link":"https:\/\/avivasistemgrup.com\/ca\/politica-de-privacidad-2\/","title":{"rendered":"Pol\u00edtica de privacitat"},"content":{"rendered":"<p class=\"has-black-color has-text-color\"><a><strong><u>POL\u00cdTICA DE PRIVACITAT<\/u><\/strong><\/a><\/p>\n\n\n\n<p>La privacitat de les seves dades \u00e9s molt important per a nosaltres. En aquesta declaraci\u00f3 de privacitat s'explica quines dades personals recollim dels nostres usuaris i com les utilitzem. El convidem a llegir detingudament aquests termes abans de facilitar les seves dades personals en aquesta web.<\/p>\n\n\n\n<p>En aquesta p\u00e0gina es respecten i cuiden les dades personals dels usuaris. Com a usuari ha de saber que els seus drets estan garantits.<\/p>\n\n\n\n<p>Cal advertir que aquesta pol\u00edtica de privacitat podria variar en funci\u00f3 d'exig\u00e8ncies legislatives o d'autoregulaci\u00f3, per la qual cosa s'aconsella als usuaris que la visitin peri\u00f2dicament. \u00c9s aplicable en cas que els usuaris decideixin emplenar algun formulari de qualsevol dels seus formularis de contacte on es demanin dades de car\u00e0cter personal.<\/p>\n\n\n\n<p class=\"has-black-color has-text-color\">AVIVA SISTEM GRUP, SL <a>ha adequat aquesta web a les exig\u00e8ncies de la Llei Org\u00e0nica 3\/2018 LOPD-GDD de Protecci\u00f3 de Dades Personals i garantia de Drets Digitals, al Reglament (UE) 2016\/679 del Parlament Europeu i del Consell del 27 d'abril de 2016 relatiu a la protecci\u00f3 de les persones f\u00edsiques (RGPD), aix\u00ed com amb la Llei 34\/2002, de l'11 de juliol, de Serveis de la Societat de la Informaci\u00f3 i Comer\u00e7 Electr\u00f2nic (LSSICE).<\/a><\/p>\n\n\n\n<p><strong>Dades del responsable de l'arxiu<\/strong><\/p>\n\n\n\n<ul class=\"wp-block-list\"><li>Identitat: AVIVA SISTEM GRUP, S.L.<\/li><li>NIF: B17963075<\/li><li>Direcci\u00f3: C\/ Tarragona 80, Pol\u00edgono Industrial Casa Nova, 17181 Aiguaviva (Girona)<\/li><li>Tel\u00e8fon: 972244555<\/li><li>Correu electr\u00f2nic: <a href=\"mailto:adm@avivasistemgrup.com\">adm@avivasistemgrup.com<\/a><\/li><\/ul>\n\n\n\n<p><strong>Proced\u00e8ncia de les dades i finalitats del tractament<\/strong><\/p>\n\n\n\n<p>Quan un usuari es connecta a aquesta web (www.avivasistemgrup.com), est\u00e0 facilitant informaci\u00f3 de car\u00e0cter personal de la qual \u00e9s responsable AVIVA SISTEM GRUP, S.L. Aquesta informaci\u00f3 pot incloure dades de car\u00e0cter personal com poden ser la teva adre\u00e7a IP, nom, adre\u00e7a f\u00edsica, adre\u00e7a de correu electr\u00f2nic, n\u00famero de tel\u00e8fon i altra informaci\u00f3. Al facilitar aquesta informaci\u00f3, l'usuari d\u00f3na el seu consentiment perqu\u00e8 la seva informaci\u00f3 sigui recopilada, utilitzada, gestionada i emmagatzemada per AVIVA SISTEM GRUP, SL nom\u00e9s com es descriu en l'Av\u00eds Legal i en la present Pol\u00edtica de Privacitat.<\/p>\n\n\n\n<p><strong>Altres finalitats:<\/strong><\/p>\n\n\n\n<ul class=\"wp-block-list\"><li>Garantir el compliment de les condicions d'\u00fas i la llei aplicable. Aix\u00f2 pot incloure el desenvolupament d'eines i algoritmes que ajuden a aquesta web a garantir la confidencialitat de les dades personals que recull.<\/li><li>Donar suport i millorar els serveis que ofereix aquesta web.<\/li><li>Es recullen altres dades no identificatives que s'obtenen mitjan\u00e7ant algunes galetes que es descarreguen a l'ordinador de l'usuari quan navega en aquest web. L'usuari pot consultar en qualsevol moment la pol\u00edtica de galetes per ampliar informaci\u00f3 sobre l'\u00fas de galetes i com desactivar-les. M\u00e9s informaci\u00f3: \"Pol\u00edtica de galetes\".<\/li><li>Gestionar les xarxes socials: AVIVA SISTEM GRUP, S.L. pot tenir pres\u00e8ncia en xarxes socials. El tractament de les dades que es dugui a terme de les persones que es facin seguidores a les xarxes socials de la nostra p\u00e0gina web es regir\u00e0 per aquest apartat. Aix\u00ed com per aquelles condicions d'\u00fas, pol\u00edtiques de privacitat i normatives d'acc\u00e9s que pertanyin a la xarxa social que procedeixi en cada cas i acceptades pr\u00e8viament per l'usuari. En cap cas utilitzarem els perfils de seguidors en xarxes socials per enviar publicitat de manera individual.<\/li><\/ul>\n\n\n\n<p>Per tant, les categories de dades que es tracten s\u00f3n \u00fanicament dades identificatives, excepte en el cas que l'usuari envi\u00ef el seu curr\u00edculum. En aquest \u00faltim cas, tamb\u00e9 tractarem amb dades acad\u00e8miques, professionals i personals. Per\u00f2, en cap cas tractem amb categories de dades especialment protegides.<\/p>\n\n\n\n<p><strong>Legitimaci\u00f3<\/strong><\/p>\n\n\n\n<p>La base legal per al tractament de les dades \u00e9s el consentiment de les persones interessades per a la tramitaci\u00f3 i gesti\u00f3 de qualsevol sol\u00b7licitud d'informaci\u00f3 o consulta sobre els nostres serveis professionals, aix\u00ed com per a l'enviament de comunicacions comercials dutes a terme <a>per AVIVA SISTEM GRUP, S.L.<\/a><\/p>\n\n\n\n<p><strong>Destinataris<\/strong><\/p>\n\n\n\n<p>Per prestar serveis estrictament necessaris per al desenvolupament de l'activitat, compartim dades amb els seg\u00fcents prestadors sota les seves corresponents condicions de privacitat:<\/p>\n\n\n\n<ul class=\"wp-block-list\"><li>: J. ORIOL VILA PLANAS (Iglu Media), amb domicili a Espanya, tracta les dades amb la finalitat de realitzar els serveis de hosting a ESTUDI GRAF, SA. Per a m\u00e9s informaci\u00f3, podeu consultar a https:\/\/www.iglumedia.com\/<\/li><li>: <a href=\"https:\/\/wordpress.org\/\">WordPress.org<\/a> tracta les dades amb la finalitat de realitzar els seus serveis de suport a la nostra p\u00e0gina web. Per a m\u00e9s informaci\u00f3, podeu consultar a <a href=\"https:\/\/wordpress.org\/\"><u>https:\/\/wordpress.org\/<\/u><\/a><\/li><li>Google Analytics \u00e9s un servei anal\u00edtic de web prestat per Google, l'oficina principal es troba als EUA. Google Analytics utilitza \"galetes\", que s\u00f3n arxius de text ubicats al teu ordinador, per ajudar a www.avivasistemgrup.com analitzar l'\u00fas que fan els usuaris del lloc web. La informaci\u00f3 que genera les galetes sobre el seu \u00fas de www.avivasistemgrup.com (incloent la seva adre\u00e7a IP) ser\u00e0 directament transmesa i arxivada per Google en els servidors d'Estats Units.<\/li><\/ul>\n\n\n\n<p><strong>Per\u00edode de temps d'emmagatzemats<\/strong><\/p>\n\n\n\n<p>Les dades personals proporcionades seran conservades durant el temps necessari per a la realitzaci\u00f3 de les activitats anteriorment detallades i no es sol\u00b7liciti la seva supressi\u00f3 per part de l'interessat.<\/p>\n\n\n\n<p><strong>Drets<\/strong><\/p>\n\n\n\n<p class=\"has-black-color has-text-color\"><a>Aquests drets s\u00f3n essencials en protecci\u00f3 de dades perqu\u00e8 li permeten decidir sobre la seva pr\u00f2pia informaci\u00f3. Com a usuari, podr\u00e0 dirigir les seves comunicacions i exercitar els seus drets seguint les formalitats imposades per la Llei Org\u00e0nica 3\/2018 LOPD-GDD de Protecci\u00f3 de Dades Personals i garantia de Drets Digitals, i el seu Reglament de Desenvolupament.<\/a><\/p>\n\n\n\n<p>Qualsevol persona t\u00e9 dret a obtenir confirmaci\u00f3 sobre si a www.avivasistemgrup.com es tracten dades personals que el concerneixen, o no.<\/p>\n\n\n\n<p>Les persones interessades tenen dret a:<\/p>\n\n\n\n<ul class=\"wp-block-list\"><li>Sol\u00b7licitar l'acc\u00e9s a les dades personals relatives a l'interessat<\/li><li>Sol\u00b7licitar la seva rectificaci\u00f3 o supressi\u00f3<\/li><li>Sol\u00b7licitar la limitaci\u00f3 del seu tractament<\/li><li>Oposar-se a el tractament &nbsp;<\/li><li>Solicitar la portabilidad de los datos<\/li><\/ul>\n\n\n\n<p>Els interessats podran <strong>accedir<\/strong> a les seves dades personals, aix\u00ed com a sol\u00b7licitar la <strong>rectificaci\u00f3<\/strong> de les dades inexactes o, si escau, sol\u00b7licitar la seva <strong>supressi\u00f3<\/strong> quan, entre d'altres motius, les dades ja no siguin necessaries per als fins que van ser recollides.<\/p>\n\n\n\n<p>En determinades circumst\u00e0ncies, els interessats podran sol\u00b7licitar la <strong>limitaci\u00f3<\/strong> del tractament de les seves dades, en aquest cas \u00fanicament els conservarem per a l'exercici o la defensa de reclamacions.<\/p>\n\n\n\n<p>En determinades circumst\u00e0ncies i per motius relacionats amb la seva situaci\u00f3 particular, els interessats podran <strong>oposar-se<\/strong> a el tractament de les seves dades. AVIVA SISTEM GRUP, S.L. deixar\u00e0 de tractar les dades, excepte per motius leg\u00edtims imperiosos, o l'exercici o la defensa de possibles reclamacions.<\/p>\n\n\n\n<p>Tamb\u00e9 podran sol\u00b7licitar la <strong>portabilitat<\/strong> de les seves dades quan sigui t\u00e8cnicament possible que les dades personals es transmetin directament de responsable a responsable.<\/p>\n\n\n\n<p>Els interessats tamb\u00e9 tindran dret a la tutela judicial efectiva i a presentar una reclamaci\u00f3 davant l'autoritat de control, en aquest cas, l'Ag\u00e8ncia Espanyola de Protecci\u00f3 de Dades, si consideren que el tractament de dades personals que el concerneixen infringeix el Reglament.<\/p>\n\n\n\n<p>Vost\u00e8 podr\u00e0 exercir aquests drets a trav\u00e9s del nostre correu electr\u00f2nic <a href=\"mailto:adm@avivasistemgrup.com\">adm@avivasistemgrup.com<\/a>, juntament amb la fotoc\u00f2pia del seu DNI.<\/p>\n\n\n\n<h2 class=\"has-medium-font-size wp-block-heading\"><strong>Secret i seguretat de les dades<\/strong><strong><\/strong><\/h2>\n\n\n\n<p>AVIVA SISTEM GRUP, S.L. es compromet a l'\u00fas i tractament de les dades incloses personals dels usuaris, respectant la seva confidencialitat i a utilitzar-los d'acord amb la finalitat del mateix, aix\u00ed com a donar compliment a la seva obligaci\u00f3 de guardar i adaptar totes les mesures per evitar l'alteraci\u00f3, p\u00e8rdua, tractament o acc\u00e9s no autoritzat, de conformitat amb el que estableix la normativa vigent de protecci\u00f3 de dades.<\/p>\n\n\n\n<p>AVIVA SISTEM GRUP, S.L. no pot garantir l'absoluta inexpugnabilitat de la xarxa Internet i per tant la violaci\u00f3 de les dades mitjan\u00e7ant accessos fraudulents a ells per part de tercers.<\/p>\n\n\n\n<h2 class=\"has-medium-font-size wp-block-heading\"><strong>Exactitud i veracitat de les dades<\/strong><strong><\/strong><\/h2>\n\n\n\n<p>L'usuari garanteix que les dades personals facilitades a trav\u00e9s dels diferents formularis s\u00f3n veraces, quedant obligat a comunicar qualsevol modificaci\u00f3 de les mateixes. Igualment, l'usuari garanteix que tota la informaci\u00f3 facilitada correspon amb la seva situaci\u00f3 real, que est\u00e0 posada al dia i \u00e9s exacta. A m\u00e9s, l'usuari s'obliga a mantenir en tot moment les seves dades actualitzades, sent l'\u00fanic responsable de la inexactitud o falsedat de les dades facilitades i dels perjudicis que pugui causar per aix\u00f2 a AVIVA SISTEM GRUP, S.L. com a titular del web www. avivasistemgrup.com<strong><\/strong><\/p>\n\n\n\n<p><strong>Acceptaci\u00f3 i consentiment<\/strong><\/p>\n\n\n\n<p>L'usuari declara haver estat informat de les condicions sobre protecci\u00f3 de dades de car\u00e0cter personal, acceptant i consentint el tractament dels mateixos per part d'AVIVA SISTEM GRUP, S.L., en la forma i per a les finalitats indicades en aquesta pol\u00edtica de privacitat.<\/p>\n\n\n\n<p><strong>Revocabilitat<\/strong><strong><\/strong><\/p>\n\n\n\n<p>El consentiment prestat, tant pel tractament com per la cessi\u00f3 de les dades dels interessats, \u00e9s revocable en qualsevol moment comunicant-ho a AVIVA SISTEM GRUP, S.L. en els termes que estableix aquesta Pol\u00edtica per a l'exercici dels drets comentats anteriorment. Aquesta revocaci\u00f3 en cap cas tindr\u00e0 car\u00e0cter retroactiu.<\/p>\n\n\n\n<p><strong>Canvis en la Present Pol\u00edtica de Privacitat<\/strong><strong><\/strong><\/p>\n\n\n\n<p>AVIVA SISTEM GRUP, SL se reserva el derecho a modificar la presente pol\u00edtica para adaptarla a novedades legislativas o jurisprudenciales, as\u00ed como a pr\u00e1cticas de la industria. \u00daltima actualizaci\u00f3n: 03\/01\/2022<\/p>\n\n\n\n<p><strong>Correus Comercials<\/strong><strong><\/strong><\/p>\n\n\n\n<p>D'acord amb la LSSICE, AVIVA SISTEM GRUP, S.L. no realitza pr\u00e0ctiques de SPAM, pel que no envia correus comercials per via electr\u00f2nica que no hagin estat pr\u00e8viament sol\u00b7licitats o autoritzats per l'usuari. En conseq\u00fc\u00e8ncia, en totes les comunicacions que rebr\u00e0 de prestador, l'usuari t\u00e9 la possibilitat de cancel\u00b7lar el seu consentiment expr\u00e9s per rebre les nostres comunicacions.<\/p>\n\n\n\n<p>Gr\u00e0cies pel temps dedicat a llegir la nostra pol\u00edtica de privacitat.<\/p>","protected":false},"excerpt":{"rendered":"<p>POL\u00cdTICA DE PRIVACIDAD La privacidad de sus datos es muy importante para nosotros. En esta declaraci\u00f3n de privacidad se explica qu\u00e9 datos personales recopilamos de nuestros usuarios y c\u00f3mo los utilizamos. Le invitamos a leer detenidamente estos t\u00e9rminos antes de facilitar sus datos personales en esta web.<\/p>","protected":false},"author":1,"featured_media":0,"parent":0,"menu_order":0,"comment_status":"closed","ping_status":"closed","template":"","meta":{"footnotes":""},"class_list":["post-512","page","type-page","status-publish","hentry"],"yoast_head":"<!-- This site is optimized with the Yoast SEO plugin v27.5 - https:\/\/yoast.com\/product\/yoast-seo-wordpress\/ -->\n<title>Pol\u00edtica de privacidad - AVIVA Sistem Grup - Design &amp; Packaging<\/title>\n<meta name=\"robots\" content=\"index, follow, max-snippet:-1, max-image-preview:large, max-video-preview:-1\" \/>\n<link rel=\"canonical\" href=\"https:\/\/avivasistemgrup.com\/ca\/politica-de-privacidad-2\/\" \/>\n<meta property=\"og:locale\" content=\"ca_ES\" \/>\n<meta property=\"og:type\" content=\"article\" \/>\n<meta property=\"og:title\" content=\"Pol\u00edtica de privacidad - AVIVA Sistem Grup - Design &amp; Packaging\" \/>\n<meta property=\"og:description\" content=\"POL\u00cdTICA DE PRIVACIDAD La privacidad de sus datos es muy importante para nosotros. En esta declaraci\u00f3n de privacidad se explica qu\u00e9 datos personales recopilamos de nuestros usuarios y c\u00f3mo los utilizamos. Le invitamos a leer detenidamente estos t\u00e9rminos antes de facilitar sus datos personales en esta web.\" \/>\n<meta property=\"og:url\" content=\"https:\/\/avivasistemgrup.com\/ca\/politica-de-privacidad-2\/\" \/>\n<meta property=\"og:site_name\" content=\"AVIVA Sistem Grup - Design &amp; Packaging\" \/>\n<meta property=\"article:modified_time\" content=\"2022-01-03T08:18:10+00:00\" \/>\n<meta name=\"twitter:label1\" content=\"Temps estimat de lectura\" \/>\n\t<meta name=\"twitter:data1\" content=\"7 minuts\" \/>\n<script type=\"application\/ld+json\" class=\"yoast-schema-graph\">{\"@context\":\"https:\\\/\\\/schema.org\",\"@graph\":[{\"@type\":\"WebPage\",\"@id\":\"https:\\\/\\\/avivasistemgrup.com\\\/politica-de-privacidad-2\\\/\",\"url\":\"https:\\\/\\\/avivasistemgrup.com\\\/politica-de-privacidad-2\\\/\",\"name\":\"Pol\u00edtica de privacidad - AVIVA Sistem Grup - Design &amp; Packaging\",\"isPartOf\":{\"@id\":\"https:\\\/\\\/avivasistemgrup.com\\\/#website\"},\"datePublished\":\"2019-05-22T09:33:16+00:00\",\"dateModified\":\"2022-01-03T08:18:10+00:00\",\"inLanguage\":\"ca\",\"potentialAction\":[{\"@type\":\"ReadAction\",\"target\":[\"https:\\\/\\\/avivasistemgrup.com\\\/politica-de-privacidad-2\\\/\"]}]},{\"@type\":\"WebSite\",\"@id\":\"https:\\\/\\\/avivasistemgrup.com\\\/#website\",\"url\":\"https:\\\/\\\/avivasistemgrup.com\\\/\",\"name\":\"AVIVA Sistem Grup - Design &amp; Packaging\",\"description\":\"\",\"publisher\":{\"@id\":\"https:\\\/\\\/avivasistemgrup.com\\\/#organization\"},\"potentialAction\":[{\"@type\":\"SearchAction\",\"target\":{\"@type\":\"EntryPoint\",\"urlTemplate\":\"https:\\\/\\\/avivasistemgrup.com\\\/?s={search_term_string}\"},\"query-input\":{\"@type\":\"PropertyValueSpecification\",\"valueRequired\":true,\"valueName\":\"search_term_string\"}}],\"inLanguage\":\"ca\"},{\"@type\":\"Organization\",\"@id\":\"https:\\\/\\\/avivasistemgrup.com\\\/#organization\",\"name\":\"AVIVA Sistem Grup, S.L.\",\"url\":\"https:\\\/\\\/avivasistemgrup.com\\\/\",\"logo\":{\"@type\":\"ImageObject\",\"inLanguage\":\"ca\",\"@id\":\"https:\\\/\\\/avivasistemgrup.com\\\/#\\\/schema\\\/logo\\\/image\\\/\",\"url\":\"https:\\\/\\\/avivasistemgrup.com\\\/wp-content\\\/uploads\\\/2020\\\/02\\\/Logo-aviva-transp-02.png\",\"contentUrl\":\"https:\\\/\\\/avivasistemgrup.com\\\/wp-content\\\/uploads\\\/2020\\\/02\\\/Logo-aviva-transp-02.png\",\"width\":201,\"height\":96,\"caption\":\"AVIVA Sistem Grup, S.L.\"},\"image\":{\"@id\":\"https:\\\/\\\/avivasistemgrup.com\\\/#\\\/schema\\\/logo\\\/image\\\/\"}}]}<\/script>\n<!-- \/ Yoast SEO plugin. -->","yoast_head_json":{"title":"Pol\u00edtica de privacidad - AVIVA Sistem Grup - Design &amp; Packaging","robots":{"index":"index","follow":"follow","max-snippet":"max-snippet:-1","max-image-preview":"max-image-preview:large","max-video-preview":"max-video-preview:-1"},"canonical":"https:\/\/avivasistemgrup.com\/ca\/politica-de-privacidad-2\/","og_locale":"ca_ES","og_type":"article","og_title":"Pol\u00edtica de privacidad - AVIVA Sistem Grup - Design &amp; Packaging","og_description":"POL\u00cdTICA DE PRIVACIDAD La privacidad de sus datos es muy importante para nosotros. En esta declaraci\u00f3n de privacidad se explica qu\u00e9 datos personales recopilamos de nuestros usuarios y c\u00f3mo los utilizamos. Le invitamos a leer detenidamente estos t\u00e9rminos antes de facilitar sus datos personales en esta web.","og_url":"https:\/\/avivasistemgrup.com\/ca\/politica-de-privacidad-2\/","og_site_name":"AVIVA Sistem Grup - Design &amp; Packaging","article_modified_time":"2022-01-03T08:18:10+00:00","twitter_misc":{"Temps estimat de lectura":"7 minuts"},"schema":{"@context":"https:\/\/schema.org","@graph":[{"@type":"WebPage","@id":"https:\/\/avivasistemgrup.com\/politica-de-privacidad-2\/","url":"https:\/\/avivasistemgrup.com\/politica-de-privacidad-2\/","name":"Pol\u00edtica de privacidad - AVIVA Sistem Grup - Design &amp; Packaging","isPartOf":{"@id":"https:\/\/avivasistemgrup.com\/#website"},"datePublished":"2019-05-22T09:33:16+00:00","dateModified":"2022-01-03T08:18:10+00:00","inLanguage":"ca","potentialAction":[{"@type":"ReadAction","target":["https:\/\/avivasistemgrup.com\/politica-de-privacidad-2\/"]}]},{"@type":"WebSite","@id":"https:\/\/avivasistemgrup.com\/#website","url":"https:\/\/avivasistemgrup.com\/","name":"AVIVA Sistem Grup - Design &amp; Packaging","description":"","publisher":{"@id":"https:\/\/avivasistemgrup.com\/#organization"},"potentialAction":[{"@type":"SearchAction","target":{"@type":"EntryPoint","urlTemplate":"https:\/\/avivasistemgrup.com\/?s={search_term_string}"},"query-input":{"@type":"PropertyValueSpecification","valueRequired":true,"valueName":"search_term_string"}}],"inLanguage":"ca"},{"@type":"Organization","@id":"https:\/\/avivasistemgrup.com\/#organization","name":"AVIVA Sistem Grup, S.L.","url":"https:\/\/avivasistemgrup.com\/","logo":{"@type":"ImageObject","inLanguage":"ca","@id":"https:\/\/avivasistemgrup.com\/#\/schema\/logo\/image\/","url":"https:\/\/avivasistemgrup.com\/wp-content\/uploads\/2020\/02\/Logo-aviva-transp-02.png","contentUrl":"https:\/\/avivasistemgrup.com\/wp-content\/uploads\/2020\/02\/Logo-aviva-transp-02.png","width":201,"height":96,"caption":"AVIVA Sistem Grup, S.L."},"image":{"@id":"https:\/\/avivasistemgrup.com\/#\/schema\/logo\/image\/"}}]}},"_links":{"self":[{"href":"https:\/\/avivasistemgrup.com\/ca\/wp-json\/wp\/v2\/pages\/512","targetHints":{"allow":["GET"]}}],"collection":[{"href":"https:\/\/avivasistemgrup.com\/ca\/wp-json\/wp\/v2\/pages"}],"about":[{"href":"https:\/\/avivasistemgrup.com\/ca\/wp-json\/wp\/v2\/types\/page"}],"author":[{"embeddable":true,"href":"https:\/\/avivasistemgrup.com\/ca\/wp-json\/wp\/v2\/users\/1"}],"replies":[{"embeddable":true,"href":"https:\/\/avivasistemgrup.com\/ca\/wp-json\/wp\/v2\/comments?post=512"}],"version-history":[{"count":16,"href":"https:\/\/avivasistemgrup.com\/ca\/wp-json\/wp\/v2\/pages\/512\/revisions"}],"predecessor-version":[{"id":750,"href":"https:\/\/avivasistemgrup.com\/ca\/wp-json\/wp\/v2\/pages\/512\/revisions\/750"}],"wp:attachment":[{"href":"https:\/\/avivasistemgrup.com\/ca\/wp-json\/wp\/v2\/media?parent=512"}],"curies":[{"name":"wp","href":"https:\/\/api.w.org\/{rel}","templated":true}]}}