{"id":506,"date":"2019-05-22T09:30:29","date_gmt":"2019-05-22T09:30:29","guid":{"rendered":"http:\/\/avivasistemgrup.com\/?page_id=506"},"modified":"2019-11-18T07:52:19","modified_gmt":"2019-11-18T07:52:19","slug":"aviso-legal-2","status":"publish","type":"page","link":"https:\/\/avivasistemgrup.com\/ca\/aviso-legal-2\/","title":{"rendered":"Av\u00eds legal"},"content":{"rendered":"<p><strong><a href=\"http:\/\/avivasistemgrup.com\/ca\/aviso-legal-2\/\">Av\u00eds legal<\/a><\/strong><\/p>\n\n\n\n<p>AVIVA\nSISTEM GRUP, S.L. amb NIF - B17963075, C \/\nTarragona 80, Pol\u00edgon Industrial Casa Nova, 17181 Aiguaviva (Girona)\ni inscrita en el Registre Mercantil de Girona, Tom 2622, Llibre 0, Foli 164,\nSec. 8, Full GI-44896, Ins. 1, no pot assumir cap responsabilitat derivada\nde l'\u00fas incorrecte, inapropiat o il\u00b7l\u00edcit de la informaci\u00f3 apareguda en les\np\u00e0gines d'Internet de www.avivasistemgrup.com.<\/p>\n\n\n\n<p>L'usuari\nrespondr\u00e0 dels danys i perjudicis que AVIVA SISTEM GRUP, SL pugui\npatir com a conseq\u00fc\u00e8ncia de l'incompliment, per part de l'usuari, de les\nrecomanacions indicades relativa a l'\u00fas de la web.<\/p>\n\n\n\n<p>Amb els l\u00edmits establerts\na la llei, www.avivasistemgrup.com no assumeix cap responsabilitat derivada de\nla falta de veracitat, integritat, actualitzaci\u00f3 i precisi\u00f3 de les dades o\ninformacions que contenen les seves p\u00e0gines d'Internet.<\/p>\n\n\n\n<p>Les p\u00e0gines d'Internet de www.avivasistemgrup.com\npoden contenir enlla\u00e7os (links) a altres p\u00e0gines de terceres parts que www.avivasistemgrup.com\nno pot controlar. O tamb\u00e9 pot ser el cas que aquesta p\u00e0gina sigui la destinaci\u00f3\nde l'enlla\u00e7 introdu\u00eft en una altra p\u00e0gina sense que hi hagi cap relaci\u00f3 entre\nelles. Per tant, www.avivasistemgrup.com no pot assumir responsabilitats\npel contingut que pugui apar\u00e8ixer en p\u00e0gines de tercers.<\/p>\n\n\n\n<p>AVIVA\nSISTEM GRUP, SL no es fa responsable dels danys i perjudicis\ndirectes o indirectes, inclosos danys a sistemes inform\u00e0tics i introducci\u00f3\nde virus existents a la xarxa, derivats de la navegaci\u00f3 per Internet\nnecess\u00e0ria per a l'\u00fas d'aquest lloc web. Tampoc garanteix la continu\u00eftat del\nfuncionament de la p\u00e0gina web i que el mateix es trobi en tot moment\noperatiu i disponible.<\/p>\n\n\n\n<p>Els textos, imatges, sons,\nanimacions, programari i la resta de continguts inclosos en aquesta web s\u00f3n\npropietat exclusiva de www.avivasistemgrup.com o els seus llicenciants. qualsevol\nacte de transmissi\u00f3, distribuci\u00f3, cessi\u00f3, reproducci\u00f3, emmagatzematge o\ncomunicaci\u00f3 p\u00fablica total o parcial, ha de comptar amb el consentiment expr\u00e9s\nde www.avivasistemgrup.com.<\/p>\n\n\n\n<p>Aix\u00ed mateix, per accedir a\nalguns dels serveis que www.avivasistemgrup.com ofereix a trav\u00e9s de la web haur\u00e0 de proporcionar algunes dades de car\u00e0cter personal. En compliment\ndel que estableix el Reglament (UE) 2016\/679 de el Parlament Europeu i del Consell, del 27 d'abril de 2016, relatiu a la protecci\u00f3 de les persones\nf\u00edsiques pel que fa a el tractament de dades personals i a la lliure\ncirculaci\u00f3 d'aquestes dades li informem que, mitjan\u00e7ant la complementaci\u00f3 dels presents formularis, les seves dades personals quedaran incorporades i seran\ntractades als fitxers de www.avivasistemgrup.com per tal de poder-li\nprestar i oferir els nostres serveis aix\u00ed com per informar de les millores\nde la p\u00e0gina web. Aix\u00ed mateix, l'informem de la possibilitat d'exercir els\ndrets d'acc\u00e9s, rectificaci\u00f3,\nsupressi\u00f3, limitaci\u00f3, portabilitat i oposici\u00f3, de les seves dades de car\u00e0cter\npersonal, dirigint la seva petici\u00f3 al correu electr\u00f2nic: <a href=\"mailto:adm@avivasistemgrup.com\">adm@avivasistemgrup.com<\/a><\/p>","protected":false},"excerpt":{"rendered":"<p>Aviso legal AVIVA SISTEM GRUP, SL, con NIF \u2013 B17963075, C\/ Tarragona 80, Pol\u00edgono Industrial Casa Nova, 17181 Aiguaviva (Girona) e&nbsp;inscrita en el Registro Mercantil de Girona, Tomo 2622, Libro 0, Folio 164, Sec. 8, Hoja GI-44896, Ins. 1, no puede asumir ninguna responsabilidad derivada del uso<\/p>","protected":false},"author":1,"featured_media":0,"parent":0,"menu_order":0,"comment_status":"closed","ping_status":"closed","template":"","meta":{"footnotes":""},"class_list":["post-506","page","type-page","status-publish","hentry"],"yoast_head":"<!-- This site is optimized with the Yoast SEO plugin v27.5 - https:\/\/yoast.com\/product\/yoast-seo-wordpress\/ -->\n<title>Aviso legal - AVIVA Sistem Grup - Design &amp; Packaging<\/title>\n<meta name=\"robots\" content=\"index, follow, max-snippet:-1, max-image-preview:large, max-video-preview:-1\" \/>\n<link rel=\"canonical\" href=\"https:\/\/avivasistemgrup.com\/ca\/aviso-legal-2\/\" \/>\n<meta property=\"og:locale\" content=\"ca_ES\" \/>\n<meta property=\"og:type\" content=\"article\" \/>\n<meta property=\"og:title\" content=\"Aviso legal - AVIVA Sistem Grup - Design &amp; Packaging\" \/>\n<meta property=\"og:description\" content=\"Aviso legal AVIVA SISTEM GRUP, SL, con NIF \u2013 B17963075, C\/ Tarragona 80, Pol\u00edgono Industrial Casa Nova, 17181 Aiguaviva (Girona) e&nbsp;inscrita en el Registro Mercantil de Girona, Tomo 2622, Libro 0, Folio 164, Sec. 8, Hoja GI-44896, Ins. 1, no puede asumir ninguna responsabilidad derivada del uso\" \/>\n<meta property=\"og:url\" content=\"https:\/\/avivasistemgrup.com\/ca\/aviso-legal-2\/\" \/>\n<meta property=\"og:site_name\" content=\"AVIVA Sistem Grup - Design &amp; Packaging\" \/>\n<meta property=\"article:modified_time\" content=\"2019-11-18T07:52:19+00:00\" \/>\n<meta name=\"twitter:label1\" content=\"Temps estimat de lectura\" \/>\n\t<meta name=\"twitter:data1\" content=\"3 minuts\" \/>\n<script type=\"application\/ld+json\" class=\"yoast-schema-graph\">{\"@context\":\"https:\\\/\\\/schema.org\",\"@graph\":[{\"@type\":\"WebPage\",\"@id\":\"https:\\\/\\\/avivasistemgrup.com\\\/aviso-legal-2\\\/\",\"url\":\"https:\\\/\\\/avivasistemgrup.com\\\/aviso-legal-2\\\/\",\"name\":\"Aviso legal - AVIVA Sistem Grup - Design &amp; Packaging\",\"isPartOf\":{\"@id\":\"https:\\\/\\\/avivasistemgrup.com\\\/#website\"},\"datePublished\":\"2019-05-22T09:30:29+00:00\",\"dateModified\":\"2019-11-18T07:52:19+00:00\",\"inLanguage\":\"ca\",\"potentialAction\":[{\"@type\":\"ReadAction\",\"target\":[\"https:\\\/\\\/avivasistemgrup.com\\\/aviso-legal-2\\\/\"]}]},{\"@type\":\"WebSite\",\"@id\":\"https:\\\/\\\/avivasistemgrup.com\\\/#website\",\"url\":\"https:\\\/\\\/avivasistemgrup.com\\\/\",\"name\":\"AVIVA Sistem Grup - Design &amp; Packaging\",\"description\":\"\",\"publisher\":{\"@id\":\"https:\\\/\\\/avivasistemgrup.com\\\/#organization\"},\"potentialAction\":[{\"@type\":\"SearchAction\",\"target\":{\"@type\":\"EntryPoint\",\"urlTemplate\":\"https:\\\/\\\/avivasistemgrup.com\\\/?s={search_term_string}\"},\"query-input\":{\"@type\":\"PropertyValueSpecification\",\"valueRequired\":true,\"valueName\":\"search_term_string\"}}],\"inLanguage\":\"ca\"},{\"@type\":\"Organization\",\"@id\":\"https:\\\/\\\/avivasistemgrup.com\\\/#organization\",\"name\":\"AVIVA Sistem Grup, S.L.\",\"url\":\"https:\\\/\\\/avivasistemgrup.com\\\/\",\"logo\":{\"@type\":\"ImageObject\",\"inLanguage\":\"ca\",\"@id\":\"https:\\\/\\\/avivasistemgrup.com\\\/#\\\/schema\\\/logo\\\/image\\\/\",\"url\":\"https:\\\/\\\/avivasistemgrup.com\\\/wp-content\\\/uploads\\\/2020\\\/02\\\/Logo-aviva-transp-02.png\",\"contentUrl\":\"https:\\\/\\\/avivasistemgrup.com\\\/wp-content\\\/uploads\\\/2020\\\/02\\\/Logo-aviva-transp-02.png\",\"width\":201,\"height\":96,\"caption\":\"AVIVA Sistem Grup, S.L.\"},\"image\":{\"@id\":\"https:\\\/\\\/avivasistemgrup.com\\\/#\\\/schema\\\/logo\\\/image\\\/\"}}]}<\/script>\n<!-- \/ Yoast SEO plugin. -->","yoast_head_json":{"title":"Aviso legal - AVIVA Sistem Grup - Design &amp; Packaging","robots":{"index":"index","follow":"follow","max-snippet":"max-snippet:-1","max-image-preview":"max-image-preview:large","max-video-preview":"max-video-preview:-1"},"canonical":"https:\/\/avivasistemgrup.com\/ca\/aviso-legal-2\/","og_locale":"ca_ES","og_type":"article","og_title":"Aviso legal - AVIVA Sistem Grup - Design &amp; Packaging","og_description":"Aviso legal AVIVA SISTEM GRUP, SL, con NIF \u2013 B17963075, C\/ Tarragona 80, Pol\u00edgono Industrial Casa Nova, 17181 Aiguaviva (Girona) e&nbsp;inscrita en el Registro Mercantil de Girona, Tomo 2622, Libro 0, Folio 164, Sec. 8, Hoja GI-44896, Ins. 1, no puede asumir ninguna responsabilidad derivada del uso","og_url":"https:\/\/avivasistemgrup.com\/ca\/aviso-legal-2\/","og_site_name":"AVIVA Sistem Grup - Design &amp; Packaging","article_modified_time":"2019-11-18T07:52:19+00:00","twitter_misc":{"Temps estimat de lectura":"3 minuts"},"schema":{"@context":"https:\/\/schema.org","@graph":[{"@type":"WebPage","@id":"https:\/\/avivasistemgrup.com\/aviso-legal-2\/","url":"https:\/\/avivasistemgrup.com\/aviso-legal-2\/","name":"Aviso legal - AVIVA Sistem Grup - Design &amp; Packaging","isPartOf":{"@id":"https:\/\/avivasistemgrup.com\/#website"},"datePublished":"2019-05-22T09:30:29+00:00","dateModified":"2019-11-18T07:52:19+00:00","inLanguage":"ca","potentialAction":[{"@type":"ReadAction","target":["https:\/\/avivasistemgrup.com\/aviso-legal-2\/"]}]},{"@type":"WebSite","@id":"https:\/\/avivasistemgrup.com\/#website","url":"https:\/\/avivasistemgrup.com\/","name":"AVIVA Sistem Grup - Design &amp; Packaging","description":"","publisher":{"@id":"https:\/\/avivasistemgrup.com\/#organization"},"potentialAction":[{"@type":"SearchAction","target":{"@type":"EntryPoint","urlTemplate":"https:\/\/avivasistemgrup.com\/?s={search_term_string}"},"query-input":{"@type":"PropertyValueSpecification","valueRequired":true,"valueName":"search_term_string"}}],"inLanguage":"ca"},{"@type":"Organization","@id":"https:\/\/avivasistemgrup.com\/#organization","name":"AVIVA Sistem Grup, S.L.","url":"https:\/\/avivasistemgrup.com\/","logo":{"@type":"ImageObject","inLanguage":"ca","@id":"https:\/\/avivasistemgrup.com\/#\/schema\/logo\/image\/","url":"https:\/\/avivasistemgrup.com\/wp-content\/uploads\/2020\/02\/Logo-aviva-transp-02.png","contentUrl":"https:\/\/avivasistemgrup.com\/wp-content\/uploads\/2020\/02\/Logo-aviva-transp-02.png","width":201,"height":96,"caption":"AVIVA Sistem Grup, S.L."},"image":{"@id":"https:\/\/avivasistemgrup.com\/#\/schema\/logo\/image\/"}}]}},"_links":{"self":[{"href":"https:\/\/avivasistemgrup.com\/ca\/wp-json\/wp\/v2\/pages\/506","targetHints":{"allow":["GET"]}}],"collection":[{"href":"https:\/\/avivasistemgrup.com\/ca\/wp-json\/wp\/v2\/pages"}],"about":[{"href":"https:\/\/avivasistemgrup.com\/ca\/wp-json\/wp\/v2\/types\/page"}],"author":[{"embeddable":true,"href":"https:\/\/avivasistemgrup.com\/ca\/wp-json\/wp\/v2\/users\/1"}],"replies":[{"embeddable":true,"href":"https:\/\/avivasistemgrup.com\/ca\/wp-json\/wp\/v2\/comments?post=506"}],"version-history":[{"count":4,"href":"https:\/\/avivasistemgrup.com\/ca\/wp-json\/wp\/v2\/pages\/506\/revisions"}],"predecessor-version":[{"id":574,"href":"https:\/\/avivasistemgrup.com\/ca\/wp-json\/wp\/v2\/pages\/506\/revisions\/574"}],"wp:attachment":[{"href":"https:\/\/avivasistemgrup.com\/ca\/wp-json\/wp\/v2\/media?parent=506"}],"curies":[{"name":"wp","href":"https:\/\/api.w.org\/{rel}","templated":true}]}}