{"id":46,"date":"2012-12-19T15:08:04","date_gmt":"2012-12-19T15:08:04","guid":{"rendered":"http:\/\/www.avivasistemgrup.com\/?page_id=46"},"modified":"2020-02-03T09:12:52","modified_gmt":"2020-02-03T09:12:52","slug":"films","status":"publish","type":"page","link":"https:\/\/avivasistemgrup.com\/ca\/films\/","title":{"rendered":"Films"},"content":{"rendered":"<h2><span style=\"color: #ff6600;\">FILM FLEXIBLE<\/span><img loading=\"lazy\" decoding=\"async\" class=\"alignright\" src=\"http:\/\/www.avivasistemgrup.com\/wp-content\/uploads\/2012\/12\/films.jpg\" alt=\"films\" width=\"157\" height=\"127\" \/><\/h2>\n<p>Films laminats i coextrusionats per l'envasament al buit i en atmosfera modificada.<\/p>\n<h5><\/h5>\n<h5 style=\"text-align: justify;\"><strong>Disposem de tres models de film:<\/strong><\/h5>\n<div class=\"simple\" style=\"background-color:#EEEEEE; color:#333333;\"><div class=\"inner-padding\">\n<h5><span style=\"color: #ff6600;\"><strong>FILM AA<\/strong><\/span><\/h5>\n<p style=\"text-align: justify;\">Film laminat multicapa de 2 o m\u00e9s l\u00e0mines, per a l'envasament al buit i atmosfera modificada de m\u00faltiples composicions a base de PA, OPA, PP, OPP, PET, ALU, PE amb opci\u00f3 de EVOH o PVDC d'alta barrera segons els productes a envasar . Es pot subministrar amb tractament antibaf o pelable. \u00c9s mecanitzable a:<\/p>\n<ul style=\"text-align: justify;\">\n<li>\u00a0\u00a0\u00a0 M\u00e0quines horitzontals i verticals (flow pack)<\/li>\n<li>\u00a0\u00a0\u00a0 M\u00e0quines termo formadores.<\/li>\n<\/ul>\n<p>Impressi\u00f3 en flexografia i gravat al buit fins a 8 colors, en impressi\u00f3 externa o interna (sandvitx).<\/div><\/div> <div class=\"simple\" style=\"background-color:#EEEEEE; color:#333333;\"><div class=\"inner-padding\">\n<h5><span style=\"color: #ff6600;\"><strong>FILM ML<\/strong><\/span><\/h5>\n<p>\u00c9s un laminat termoformable coextruit en 7 capes sobre la base poliamida \/ polietil\u00e8 (PA \/ PE) per l'envasament al buit, i capa\u00e7 de satisfer les sol\u00b7licituds m\u00e9s exigents de termoformabilitat. Barrera a l'oxigen i als gasos.<\/p>\n<h6 style=\"text-align: justify;\"><strong>Caracter\u00edstiques:<\/strong><\/h6>\n<ul style=\"text-align: justify;\">\n<li>\u00a0\u00a0\u00a0 Elevada resist\u00e8ncia mec\u00e0nica.<\/li>\n<li>\u00a0\u00a0\u00a0 \u00d2ptima soldabilitat.<\/li>\n<li>\u00a0\u00a0\u00a0 La capa externa en poliamida (PA) ofereix al film un aspecte brillant.<\/li>\n<li>\u00a0\u00a0\u00a0 Bona termo retracci\u00f3.<\/li>\n<\/ul>\n<\/div><\/div> <div class=\"simple\" style=\"background-color:#EEEEEE; color:#333333;\"><div class=\"inner-padding\">\n<h5><span style=\"color: #ff6600;\"><strong>FILM IX<\/strong><\/span><\/h5>\n<p>Film termoformable multicapa coextruit en 7 capes sobre la base de poliamida (PA) \/ EVOH \/ polietil\u00e8 (PE) per a l'envasament al buit o atmosfera modificada amb alta barrera.<\/p>\n<h6 style=\"text-align: justify;\"><strong>Caracter\u00edstiques:<\/strong><\/h6>\n<ul style=\"text-align: justify;\">\n<li>\u00a0\u00a0\u00a0 Elevada resist\u00e8ncia mec\u00e0nica.<\/li>\n<li>\u00a0\u00a0\u00a0 Alta barrera EVOH i baixa permeabilitat a l'oxigen despr\u00e9s del termo format.<\/li>\n<li>\u00a0\u00a0\u00a0 \u00d2ptima soldabilitat.<\/li>\n<li>\u00a0\u00a0\u00a0 Capa externa en poliamida (PA) ofereix al film un aspecte brillant.<\/li>\n<li>\u00a0\u00a0\u00a0 Excel\u00b7lent termo retracci\u00f3.<\/li>\n<li>\u00a0\u00a0\u00a0 Pasteurizable hasta 85\u00baC.<\/li>\n<\/ul>\n<\/div><\/div>\n<h2 style=\"text-align: justify;\"><span style=\"color: #ff6600;\">FILM R\u00cdGID<\/span><\/h2>\n<p>Film per a la producci\u00f3 d'envasos amb base de PET, rPET, PE amb o sense EVOH de 200 a 800 micres de gruix. Color transparent, blanc o negre.<\/p>\n<h6 style=\"text-align: justify;\"><b>Caracter\u00edstiques:<\/b><\/h6>\n<ul>\n<li style=\"list-style-type: none;\">\n<ul>\n<li style=\"text-align: justify;\">Alta resist\u00e8ncia mec\u00e0nica.<\/li>\n<\/ul>\n<\/li>\n<\/ul>\n<ul>\n<li style=\"list-style-type: none;\">\n<ul>\n<li style=\"text-align: justify;\">Elevat brillantor i transpar\u00e8ncia.<\/li>\n<\/ul>\n<\/li>\n<\/ul>\n<ul>\n<li style=\"list-style-type: none;\">\n<ul>\n<li style=\"text-align: justify;\">Els films amb EVOH ofereixen una baixa permeabilitat a l'oxigen.<\/li>\n<\/ul>\n<\/li>\n<\/ul>\n<ul>\n<li style=\"text-align: justify;\">Excel\u00b7lent termoformabilitat.<\/li>\n<\/ul>","protected":false},"excerpt":{"rendered":"<p>FILM FLEXIBLE Films laminados y coextrusionados para el envasado al vac\u00edo y en atm\u00f3sfera modificada. Disponemos de tres tipos de film: FILM R\u00cdGIDO Film para la producci\u00f3n de envases a base de PET, rPET, PE con o sin EVOH de 200 a 800 micras de espesor. Color<\/p>","protected":false},"author":1,"featured_media":0,"parent":0,"menu_order":0,"comment_status":"open","ping_status":"open","template":"","meta":{"footnotes":""},"class_list":["post-46","page","type-page","status-publish","hentry"],"yoast_head":"<!-- This site is optimized with the Yoast SEO plugin v27.5 - https:\/\/yoast.com\/product\/yoast-seo-wordpress\/ -->\n<title>Films - AVIVA Sistem Grup - Design &amp; Packaging<\/title>\n<meta name=\"robots\" content=\"index, follow, max-snippet:-1, max-image-preview:large, max-video-preview:-1\" \/>\n<link rel=\"canonical\" href=\"https:\/\/avivasistemgrup.com\/ca\/films\/\" \/>\n<meta property=\"og:locale\" content=\"ca_ES\" \/>\n<meta property=\"og:type\" content=\"article\" \/>\n<meta property=\"og:title\" content=\"Films - AVIVA Sistem Grup - Design &amp; Packaging\" \/>\n<meta property=\"og:description\" content=\"FILM FLEXIBLE Films laminados y coextrusionados para el envasado al vac\u00edo y en atm\u00f3sfera modificada. Disponemos de tres tipos de film: FILM R\u00cdGIDO Film para la producci\u00f3n de envases a base de PET, rPET, PE con o sin EVOH de 200 a 800 micras de espesor. Color\" \/>\n<meta property=\"og:url\" content=\"https:\/\/avivasistemgrup.com\/ca\/films\/\" \/>\n<meta property=\"og:site_name\" content=\"AVIVA Sistem Grup - Design &amp; Packaging\" \/>\n<meta property=\"article:modified_time\" content=\"2020-02-03T09:12:52+00:00\" \/>\n<meta property=\"og:image\" content=\"http:\/\/www.avivasistemgrup.com\/wp-content\/uploads\/2012\/12\/films.jpg\" \/>\n<meta name=\"twitter:label1\" content=\"Temps estimat de lectura\" \/>\n\t<meta name=\"twitter:data1\" content=\"2 minuts\" \/>\n<script type=\"application\/ld+json\" class=\"yoast-schema-graph\">{\"@context\":\"https:\\\/\\\/schema.org\",\"@graph\":[{\"@type\":\"WebPage\",\"@id\":\"https:\\\/\\\/avivasistemgrup.com\\\/films\\\/\",\"url\":\"https:\\\/\\\/avivasistemgrup.com\\\/films\\\/\",\"name\":\"Films - AVIVA Sistem Grup - Design &amp; Packaging\",\"isPartOf\":{\"@id\":\"https:\\\/\\\/avivasistemgrup.com\\\/#website\"},\"primaryImageOfPage\":{\"@id\":\"https:\\\/\\\/avivasistemgrup.com\\\/films\\\/#primaryimage\"},\"image\":{\"@id\":\"https:\\\/\\\/avivasistemgrup.com\\\/films\\\/#primaryimage\"},\"thumbnailUrl\":\"http:\\\/\\\/www.avivasistemgrup.com\\\/wp-content\\\/uploads\\\/2012\\\/12\\\/films.jpg\",\"datePublished\":\"2012-12-19T15:08:04+00:00\",\"dateModified\":\"2020-02-03T09:12:52+00:00\",\"inLanguage\":\"ca\",\"potentialAction\":[{\"@type\":\"ReadAction\",\"target\":[\"https:\\\/\\\/avivasistemgrup.com\\\/films\\\/\"]}]},{\"@type\":\"ImageObject\",\"inLanguage\":\"ca\",\"@id\":\"https:\\\/\\\/avivasistemgrup.com\\\/films\\\/#primaryimage\",\"url\":\"http:\\\/\\\/www.avivasistemgrup.com\\\/wp-content\\\/uploads\\\/2012\\\/12\\\/films.jpg\",\"contentUrl\":\"http:\\\/\\\/www.avivasistemgrup.com\\\/wp-content\\\/uploads\\\/2012\\\/12\\\/films.jpg\"},{\"@type\":\"WebSite\",\"@id\":\"https:\\\/\\\/avivasistemgrup.com\\\/#website\",\"url\":\"https:\\\/\\\/avivasistemgrup.com\\\/\",\"name\":\"AVIVA Sistem Grup - Design &amp; Packaging\",\"description\":\"\",\"publisher\":{\"@id\":\"https:\\\/\\\/avivasistemgrup.com\\\/#organization\"},\"potentialAction\":[{\"@type\":\"SearchAction\",\"target\":{\"@type\":\"EntryPoint\",\"urlTemplate\":\"https:\\\/\\\/avivasistemgrup.com\\\/?s={search_term_string}\"},\"query-input\":{\"@type\":\"PropertyValueSpecification\",\"valueRequired\":true,\"valueName\":\"search_term_string\"}}],\"inLanguage\":\"ca\"},{\"@type\":\"Organization\",\"@id\":\"https:\\\/\\\/avivasistemgrup.com\\\/#organization\",\"name\":\"AVIVA Sistem Grup, S.L.\",\"url\":\"https:\\\/\\\/avivasistemgrup.com\\\/\",\"logo\":{\"@type\":\"ImageObject\",\"inLanguage\":\"ca\",\"@id\":\"https:\\\/\\\/avivasistemgrup.com\\\/#\\\/schema\\\/logo\\\/image\\\/\",\"url\":\"https:\\\/\\\/avivasistemgrup.com\\\/wp-content\\\/uploads\\\/2020\\\/02\\\/Logo-aviva-transp-02.png\",\"contentUrl\":\"https:\\\/\\\/avivasistemgrup.com\\\/wp-content\\\/uploads\\\/2020\\\/02\\\/Logo-aviva-transp-02.png\",\"width\":201,\"height\":96,\"caption\":\"AVIVA Sistem Grup, S.L.\"},\"image\":{\"@id\":\"https:\\\/\\\/avivasistemgrup.com\\\/#\\\/schema\\\/logo\\\/image\\\/\"}}]}<\/script>\n<!-- \/ Yoast SEO plugin. -->","yoast_head_json":{"title":"Films - AVIVA Sistem Grup - Design &amp; Packaging","robots":{"index":"index","follow":"follow","max-snippet":"max-snippet:-1","max-image-preview":"max-image-preview:large","max-video-preview":"max-video-preview:-1"},"canonical":"https:\/\/avivasistemgrup.com\/ca\/films\/","og_locale":"ca_ES","og_type":"article","og_title":"Films - AVIVA Sistem Grup - Design &amp; Packaging","og_description":"FILM FLEXIBLE Films laminados y coextrusionados para el envasado al vac\u00edo y en atm\u00f3sfera modificada. Disponemos de tres tipos de film: FILM R\u00cdGIDO Film para la producci\u00f3n de envases a base de PET, rPET, PE con o sin EVOH de 200 a 800 micras de espesor. Color","og_url":"https:\/\/avivasistemgrup.com\/ca\/films\/","og_site_name":"AVIVA Sistem Grup - Design &amp; Packaging","article_modified_time":"2020-02-03T09:12:52+00:00","og_image":[{"url":"http:\/\/www.avivasistemgrup.com\/wp-content\/uploads\/2012\/12\/films.jpg","type":"","width":"","height":""}],"twitter_misc":{"Temps estimat de lectura":"2 minuts"},"schema":{"@context":"https:\/\/schema.org","@graph":[{"@type":"WebPage","@id":"https:\/\/avivasistemgrup.com\/films\/","url":"https:\/\/avivasistemgrup.com\/films\/","name":"Films - AVIVA Sistem Grup - Design &amp; Packaging","isPartOf":{"@id":"https:\/\/avivasistemgrup.com\/#website"},"primaryImageOfPage":{"@id":"https:\/\/avivasistemgrup.com\/films\/#primaryimage"},"image":{"@id":"https:\/\/avivasistemgrup.com\/films\/#primaryimage"},"thumbnailUrl":"http:\/\/www.avivasistemgrup.com\/wp-content\/uploads\/2012\/12\/films.jpg","datePublished":"2012-12-19T15:08:04+00:00","dateModified":"2020-02-03T09:12:52+00:00","inLanguage":"ca","potentialAction":[{"@type":"ReadAction","target":["https:\/\/avivasistemgrup.com\/films\/"]}]},{"@type":"ImageObject","inLanguage":"ca","@id":"https:\/\/avivasistemgrup.com\/films\/#primaryimage","url":"http:\/\/www.avivasistemgrup.com\/wp-content\/uploads\/2012\/12\/films.jpg","contentUrl":"http:\/\/www.avivasistemgrup.com\/wp-content\/uploads\/2012\/12\/films.jpg"},{"@type":"WebSite","@id":"https:\/\/avivasistemgrup.com\/#website","url":"https:\/\/avivasistemgrup.com\/","name":"AVIVA Sistem Grup - Design &amp; Packaging","description":"","publisher":{"@id":"https:\/\/avivasistemgrup.com\/#organization"},"potentialAction":[{"@type":"SearchAction","target":{"@type":"EntryPoint","urlTemplate":"https:\/\/avivasistemgrup.com\/?s={search_term_string}"},"query-input":{"@type":"PropertyValueSpecification","valueRequired":true,"valueName":"search_term_string"}}],"inLanguage":"ca"},{"@type":"Organization","@id":"https:\/\/avivasistemgrup.com\/#organization","name":"AVIVA Sistem Grup, S.L.","url":"https:\/\/avivasistemgrup.com\/","logo":{"@type":"ImageObject","inLanguage":"ca","@id":"https:\/\/avivasistemgrup.com\/#\/schema\/logo\/image\/","url":"https:\/\/avivasistemgrup.com\/wp-content\/uploads\/2020\/02\/Logo-aviva-transp-02.png","contentUrl":"https:\/\/avivasistemgrup.com\/wp-content\/uploads\/2020\/02\/Logo-aviva-transp-02.png","width":201,"height":96,"caption":"AVIVA Sistem Grup, S.L."},"image":{"@id":"https:\/\/avivasistemgrup.com\/#\/schema\/logo\/image\/"}}]}},"_links":{"self":[{"href":"https:\/\/avivasistemgrup.com\/ca\/wp-json\/wp\/v2\/pages\/46","targetHints":{"allow":["GET"]}}],"collection":[{"href":"https:\/\/avivasistemgrup.com\/ca\/wp-json\/wp\/v2\/pages"}],"about":[{"href":"https:\/\/avivasistemgrup.com\/ca\/wp-json\/wp\/v2\/types\/page"}],"author":[{"embeddable":true,"href":"https:\/\/avivasistemgrup.com\/ca\/wp-json\/wp\/v2\/users\/1"}],"replies":[{"embeddable":true,"href":"https:\/\/avivasistemgrup.com\/ca\/wp-json\/wp\/v2\/comments?post=46"}],"version-history":[{"count":44,"href":"https:\/\/avivasistemgrup.com\/ca\/wp-json\/wp\/v2\/pages\/46\/revisions"}],"predecessor-version":[{"id":626,"href":"https:\/\/avivasistemgrup.com\/ca\/wp-json\/wp\/v2\/pages\/46\/revisions\/626"}],"wp:attachment":[{"href":"https:\/\/avivasistemgrup.com\/ca\/wp-json\/wp\/v2\/media?parent=46"}],"curies":[{"name":"wp","href":"https:\/\/api.w.org\/{rel}","templated":true}]}}