{"id":45,"date":"2012-12-19T15:07:48","date_gmt":"2012-12-19T15:07:48","guid":{"rendered":"http:\/\/www.avivasistemgrup.com\/?page_id=45"},"modified":"2020-02-03T07:39:15","modified_gmt":"2020-02-03T07:39:15","slug":"tripas-sinteticas","status":"publish","type":"page","link":"https:\/\/avivasistemgrup.com\/ca\/tripas-sinteticas\/","title":{"rendered":"Budells sint\u00e8tics"},"content":{"rendered":"<h2 style=\"text-align: justify;\"><span style=\"color: #ff6600;\">BUDELLS SINT\u00c8TICS<\/span><\/h2>\n<p><img loading=\"lazy\" decoding=\"async\" class=\"alignright\" src=\"http:\/\/www.avivasistemgrup.com\/wp-content\/uploads\/2012\/12\/tripas.jpg\" alt=\"tripas\" width=\"157\" height=\"127\" \/><\/p>\n<p><img loading=\"lazy\" decoding=\"async\" class=\"alignnone  wp-image-174\" title=\"Budells Splendor\" src=\"http:\/\/www.avivasistemgrup.com\/wp-content\/uploads\/2012\/12\/splendor1.png\" alt=\"Splendor\" width=\"177\" height=\"114\" srcset=\"https:\/\/avivasistemgrup.com\/wp-content\/uploads\/2012\/12\/splendor1.png 368w, https:\/\/avivasistemgrup.com\/wp-content\/uploads\/2012\/12\/splendor1-300x192.png 300w\" sizes=\"auto, (max-width: 177px) 100vw, 177px\" \/><\/p>\n<p style=\"text-align: justify;\">Budells d'alt rendiment, coextru\u00efts, multicapa i termo retra\u00edbles, concebuts sota els m\u00e9s exigents requisits t\u00e8cnics i comercials. Incorporen el m\u00e9s avan\u00e7at en alta tecnologia de pol\u00edmers, experi\u00e8ncia en coextrusi\u00f3 i aplicacions de budells pl\u00e0stics per embotits cuits.<\/p>\n<h4 style=\"text-align: left;\"><strong><span style=\"color: #808080;\"><span style=\"color: #ff6600;\">Principals caracter\u00edstiques dels budells splendor:<\/span><br \/>\n<\/span><\/strong><\/h4>\n<ul style=\"text-align: justify;\">\n<li>For\u00e7a de termo retracci\u00f3. Garanteix productes perfectament cil\u00edndrics sense arrugues.<\/li>\n<li>No necessita t\u00e8cniques especials de refredament.<\/li>\n<li>Adher\u00e8ncia proteica: diferents presentacions, amb o sense adher\u00e8ncia proteica.<\/li>\n<li>Resist\u00e8ncia mec\u00e0nica: Excepcional \"maquinabilitat\" i elevada resist\u00e8ncia al trencament en totes les fases del proc\u00e9s.<\/li>\n<li>Versatilitat: poden fabricar-se en 40, 50 o 60 micres, i amb diferents caracter\u00edstiques de termo retracci\u00f3, garantint una perfecta adaptaci\u00f3 a la maquin\u00e0ria i a les especificacions de cada producte a envasar.<\/li>\n<li>Es presenten en bobines o estics prisats.<\/li>\n<\/ul>\n<h4><span style=\"color: #ff6600;\"><strong>Models:<\/strong><\/span><\/h4>\n<div class=\"simple\" style=\"background-color:#EEEEEE; color:#333333;\"><div class=\"inner-padding\">\n<p style=\"text-align: justify;\"><strong>Budells CR:<\/strong> Multifuncional, alta barrera, bon control de calibre per a una \u00e0mplia gamma d'aplicacions.<\/p>\n<p style=\"text-align: justify;\"><strong>Budells SL:<\/strong> M\u00e0xim control de calibre i \u00f2ptim rendiment per a productes llescats.<\/p>\n<p style=\"text-align: justify;\"><strong>Budells ML:<\/strong> Lleugerament m\u00e9s el\u00e0stics que la majoria de budells de base poliamida, indicats per a productes amb alta expansi\u00f3 per cocci\u00f3.<\/p>\n<\/div><\/div>","protected":false},"excerpt":{"rendered":"<p>TRIPAS SINT\u00c9TICAS Tripas de alto rendimiento, coextruidas, multicapa y termo retraibles, concebidas bajo los m\u00e1s exigentes requisitos t\u00e9cnicos y comerciales. Incorporan lo m\u00e1s avanzado en alta tecnolog\u00eda de pol\u00edmeros, experiencia en coextrusi\u00f3n y aplicaciones de tripas pl\u00e1sticas para embutidos cocidos. Principales caracter\u00edsticas de las tripas splendor: Fuerza<\/p>","protected":false},"author":1,"featured_media":0,"parent":0,"menu_order":0,"comment_status":"open","ping_status":"open","template":"","meta":{"footnotes":""},"class_list":["post-45","page","type-page","status-publish","hentry"],"yoast_head":"<!-- This site is optimized with the Yoast SEO plugin v27.5 - https:\/\/yoast.com\/product\/yoast-seo-wordpress\/ -->\n<title>Tripas sint\u00e9ticas - AVIVA Sistem Grup - Design &amp; Packaging<\/title>\n<meta name=\"robots\" content=\"index, follow, max-snippet:-1, max-image-preview:large, max-video-preview:-1\" \/>\n<link rel=\"canonical\" href=\"https:\/\/avivasistemgrup.com\/ca\/tripas-sinteticas\/\" \/>\n<meta property=\"og:locale\" content=\"ca_ES\" \/>\n<meta property=\"og:type\" content=\"article\" \/>\n<meta property=\"og:title\" content=\"Tripas sint\u00e9ticas - AVIVA Sistem Grup - Design &amp; Packaging\" \/>\n<meta property=\"og:description\" content=\"TRIPAS SINT\u00c9TICAS Tripas de alto rendimiento, coextruidas, multicapa y termo retraibles, concebidas bajo los m\u00e1s exigentes requisitos t\u00e9cnicos y comerciales. Incorporan lo m\u00e1s avanzado en alta tecnolog\u00eda de pol\u00edmeros, experiencia en coextrusi\u00f3n y aplicaciones de tripas pl\u00e1sticas para embutidos cocidos. Principales caracter\u00edsticas de las tripas splendor: Fuerza\" \/>\n<meta property=\"og:url\" content=\"https:\/\/avivasistemgrup.com\/ca\/tripas-sinteticas\/\" \/>\n<meta property=\"og:site_name\" content=\"AVIVA Sistem Grup - Design &amp; Packaging\" \/>\n<meta property=\"article:modified_time\" content=\"2020-02-03T07:39:15+00:00\" \/>\n<meta property=\"og:image\" content=\"http:\/\/www.avivasistemgrup.com\/wp-content\/uploads\/2012\/12\/tripas.jpg\" \/>\n<meta name=\"twitter:label1\" content=\"Temps estimat de lectura\" \/>\n\t<meta name=\"twitter:data1\" content=\"1 minut\" \/>\n<script type=\"application\/ld+json\" class=\"yoast-schema-graph\">{\"@context\":\"https:\\\/\\\/schema.org\",\"@graph\":[{\"@type\":\"WebPage\",\"@id\":\"https:\\\/\\\/avivasistemgrup.com\\\/tripas-sinteticas\\\/\",\"url\":\"https:\\\/\\\/avivasistemgrup.com\\\/tripas-sinteticas\\\/\",\"name\":\"Tripas sint\u00e9ticas - AVIVA Sistem Grup - Design &amp; Packaging\",\"isPartOf\":{\"@id\":\"https:\\\/\\\/avivasistemgrup.com\\\/#website\"},\"primaryImageOfPage\":{\"@id\":\"https:\\\/\\\/avivasistemgrup.com\\\/tripas-sinteticas\\\/#primaryimage\"},\"image\":{\"@id\":\"https:\\\/\\\/avivasistemgrup.com\\\/tripas-sinteticas\\\/#primaryimage\"},\"thumbnailUrl\":\"http:\\\/\\\/www.avivasistemgrup.com\\\/wp-content\\\/uploads\\\/2012\\\/12\\\/tripas.jpg\",\"datePublished\":\"2012-12-19T15:07:48+00:00\",\"dateModified\":\"2020-02-03T07:39:15+00:00\",\"inLanguage\":\"ca\",\"potentialAction\":[{\"@type\":\"ReadAction\",\"target\":[\"https:\\\/\\\/avivasistemgrup.com\\\/tripas-sinteticas\\\/\"]}]},{\"@type\":\"ImageObject\",\"inLanguage\":\"ca\",\"@id\":\"https:\\\/\\\/avivasistemgrup.com\\\/tripas-sinteticas\\\/#primaryimage\",\"url\":\"http:\\\/\\\/www.avivasistemgrup.com\\\/wp-content\\\/uploads\\\/2012\\\/12\\\/tripas.jpg\",\"contentUrl\":\"http:\\\/\\\/www.avivasistemgrup.com\\\/wp-content\\\/uploads\\\/2012\\\/12\\\/tripas.jpg\"},{\"@type\":\"WebSite\",\"@id\":\"https:\\\/\\\/avivasistemgrup.com\\\/#website\",\"url\":\"https:\\\/\\\/avivasistemgrup.com\\\/\",\"name\":\"AVIVA Sistem Grup - Design &amp; Packaging\",\"description\":\"\",\"publisher\":{\"@id\":\"https:\\\/\\\/avivasistemgrup.com\\\/#organization\"},\"potentialAction\":[{\"@type\":\"SearchAction\",\"target\":{\"@type\":\"EntryPoint\",\"urlTemplate\":\"https:\\\/\\\/avivasistemgrup.com\\\/?s={search_term_string}\"},\"query-input\":{\"@type\":\"PropertyValueSpecification\",\"valueRequired\":true,\"valueName\":\"search_term_string\"}}],\"inLanguage\":\"ca\"},{\"@type\":\"Organization\",\"@id\":\"https:\\\/\\\/avivasistemgrup.com\\\/#organization\",\"name\":\"AVIVA Sistem Grup, S.L.\",\"url\":\"https:\\\/\\\/avivasistemgrup.com\\\/\",\"logo\":{\"@type\":\"ImageObject\",\"inLanguage\":\"ca\",\"@id\":\"https:\\\/\\\/avivasistemgrup.com\\\/#\\\/schema\\\/logo\\\/image\\\/\",\"url\":\"https:\\\/\\\/avivasistemgrup.com\\\/wp-content\\\/uploads\\\/2020\\\/02\\\/Logo-aviva-transp-02.png\",\"contentUrl\":\"https:\\\/\\\/avivasistemgrup.com\\\/wp-content\\\/uploads\\\/2020\\\/02\\\/Logo-aviva-transp-02.png\",\"width\":201,\"height\":96,\"caption\":\"AVIVA Sistem Grup, S.L.\"},\"image\":{\"@id\":\"https:\\\/\\\/avivasistemgrup.com\\\/#\\\/schema\\\/logo\\\/image\\\/\"}}]}<\/script>\n<!-- \/ Yoast SEO plugin. -->","yoast_head_json":{"title":"Tripas sint\u00e9ticas - AVIVA Sistem Grup - Design &amp; Packaging","robots":{"index":"index","follow":"follow","max-snippet":"max-snippet:-1","max-image-preview":"max-image-preview:large","max-video-preview":"max-video-preview:-1"},"canonical":"https:\/\/avivasistemgrup.com\/ca\/tripas-sinteticas\/","og_locale":"ca_ES","og_type":"article","og_title":"Tripas sint\u00e9ticas - AVIVA Sistem Grup - Design &amp; Packaging","og_description":"TRIPAS SINT\u00c9TICAS Tripas de alto rendimiento, coextruidas, multicapa y termo retraibles, concebidas bajo los m\u00e1s exigentes requisitos t\u00e9cnicos y comerciales. Incorporan lo m\u00e1s avanzado en alta tecnolog\u00eda de pol\u00edmeros, experiencia en coextrusi\u00f3n y aplicaciones de tripas pl\u00e1sticas para embutidos cocidos. Principales caracter\u00edsticas de las tripas splendor: Fuerza","og_url":"https:\/\/avivasistemgrup.com\/ca\/tripas-sinteticas\/","og_site_name":"AVIVA Sistem Grup - Design &amp; Packaging","article_modified_time":"2020-02-03T07:39:15+00:00","og_image":[{"url":"http:\/\/www.avivasistemgrup.com\/wp-content\/uploads\/2012\/12\/tripas.jpg","type":"","width":"","height":""}],"twitter_misc":{"Temps estimat de lectura":"1 minut"},"schema":{"@context":"https:\/\/schema.org","@graph":[{"@type":"WebPage","@id":"https:\/\/avivasistemgrup.com\/tripas-sinteticas\/","url":"https:\/\/avivasistemgrup.com\/tripas-sinteticas\/","name":"Tripas sint\u00e9ticas - AVIVA Sistem Grup - Design &amp; Packaging","isPartOf":{"@id":"https:\/\/avivasistemgrup.com\/#website"},"primaryImageOfPage":{"@id":"https:\/\/avivasistemgrup.com\/tripas-sinteticas\/#primaryimage"},"image":{"@id":"https:\/\/avivasistemgrup.com\/tripas-sinteticas\/#primaryimage"},"thumbnailUrl":"http:\/\/www.avivasistemgrup.com\/wp-content\/uploads\/2012\/12\/tripas.jpg","datePublished":"2012-12-19T15:07:48+00:00","dateModified":"2020-02-03T07:39:15+00:00","inLanguage":"ca","potentialAction":[{"@type":"ReadAction","target":["https:\/\/avivasistemgrup.com\/tripas-sinteticas\/"]}]},{"@type":"ImageObject","inLanguage":"ca","@id":"https:\/\/avivasistemgrup.com\/tripas-sinteticas\/#primaryimage","url":"http:\/\/www.avivasistemgrup.com\/wp-content\/uploads\/2012\/12\/tripas.jpg","contentUrl":"http:\/\/www.avivasistemgrup.com\/wp-content\/uploads\/2012\/12\/tripas.jpg"},{"@type":"WebSite","@id":"https:\/\/avivasistemgrup.com\/#website","url":"https:\/\/avivasistemgrup.com\/","name":"AVIVA Sistem Grup - Design &amp; Packaging","description":"","publisher":{"@id":"https:\/\/avivasistemgrup.com\/#organization"},"potentialAction":[{"@type":"SearchAction","target":{"@type":"EntryPoint","urlTemplate":"https:\/\/avivasistemgrup.com\/?s={search_term_string}"},"query-input":{"@type":"PropertyValueSpecification","valueRequired":true,"valueName":"search_term_string"}}],"inLanguage":"ca"},{"@type":"Organization","@id":"https:\/\/avivasistemgrup.com\/#organization","name":"AVIVA Sistem Grup, S.L.","url":"https:\/\/avivasistemgrup.com\/","logo":{"@type":"ImageObject","inLanguage":"ca","@id":"https:\/\/avivasistemgrup.com\/#\/schema\/logo\/image\/","url":"https:\/\/avivasistemgrup.com\/wp-content\/uploads\/2020\/02\/Logo-aviva-transp-02.png","contentUrl":"https:\/\/avivasistemgrup.com\/wp-content\/uploads\/2020\/02\/Logo-aviva-transp-02.png","width":201,"height":96,"caption":"AVIVA Sistem Grup, S.L."},"image":{"@id":"https:\/\/avivasistemgrup.com\/#\/schema\/logo\/image\/"}}]}},"_links":{"self":[{"href":"https:\/\/avivasistemgrup.com\/ca\/wp-json\/wp\/v2\/pages\/45","targetHints":{"allow":["GET"]}}],"collection":[{"href":"https:\/\/avivasistemgrup.com\/ca\/wp-json\/wp\/v2\/pages"}],"about":[{"href":"https:\/\/avivasistemgrup.com\/ca\/wp-json\/wp\/v2\/types\/page"}],"author":[{"embeddable":true,"href":"https:\/\/avivasistemgrup.com\/ca\/wp-json\/wp\/v2\/users\/1"}],"replies":[{"embeddable":true,"href":"https:\/\/avivasistemgrup.com\/ca\/wp-json\/wp\/v2\/comments?post=45"}],"version-history":[{"count":37,"href":"https:\/\/avivasistemgrup.com\/ca\/wp-json\/wp\/v2\/pages\/45\/revisions"}],"predecessor-version":[{"id":587,"href":"https:\/\/avivasistemgrup.com\/ca\/wp-json\/wp\/v2\/pages\/45\/revisions\/587"}],"wp:attachment":[{"href":"https:\/\/avivasistemgrup.com\/ca\/wp-json\/wp\/v2\/media?parent=45"}],"curies":[{"name":"wp","href":"https:\/\/api.w.org\/{rel}","templated":true}]}}