{"id":44,"date":"2012-12-19T15:07:39","date_gmt":"2012-12-19T15:07:39","guid":{"rendered":"http:\/\/www.avivasistemgrup.com\/?page_id=44"},"modified":"2020-02-03T07:40:11","modified_gmt":"2020-02-03T07:40:11","slug":"bolsas-retractiles","status":"publish","type":"page","link":"https:\/\/avivasistemgrup.com\/ca\/bolsas-retractiles\/","title":{"rendered":"Bosses retr\u00e0ctils"},"content":{"rendered":"<h2><span style=\"color: #ff6600;\">BOSSES AMB ALTA RESIST\u00c8NCIA MEC\u00c0NICA<\/span><\/h2>\n<p><img loading=\"lazy\" decoding=\"async\" class=\"alignright\" src=\"http:\/\/www.avivasistemgrup.com\/wp-content\/uploads\/2012\/12\/bolsa_retractil.jpg\" alt=\"bolsa_retractil\" width=\"157\" height=\"127\" \/><\/p>\n<p style=\"text-align: justify;\">Bosses retr\u00e0ctils per envasar al buit formada per 9 capes per mantenir els aliments frescos i en \u00f2ptimes condicions. La seva propietat principal \u00e9s l'adaptaci\u00f3 a productes de mides molt variades.<\/p>\n<p>Podem confeccionar una \u00e0mplia gamma de mesures per a totes les necessitats d'envasat, per un excel\u00b7lent acabat. Hi ha la possibilitat de bosses de fons corb i fons recte.<\/p>\n<p><img loading=\"lazy\" decoding=\"async\" class=\"alignnone  wp-image-74\" src=\"http:\/\/www.avivasistemgrup.com\/wp-content\/uploads\/2012\/12\/fondo_curvo_fondo_recto.jpg\" alt=\"fondo_curvo_fondo_recto\" width=\"189\" height=\"113\" srcset=\"https:\/\/avivasistemgrup.com\/wp-content\/uploads\/2012\/12\/fondo_curvo_fondo_recto.jpg 500w, https:\/\/avivasistemgrup.com\/wp-content\/uploads\/2012\/12\/fondo_curvo_fondo_recto-300x180.jpg 300w\" sizes=\"auto, (max-width: 189px) 100vw, 189px\" \/><\/p>\n<p>S\u00f3n ideals per envasar els seg\u00fcents productes:<\/p>\n<p><b>Carn fresca<br \/>\nCarn processada (amb o sense ossos)<br \/>\nPeix<br \/>\nMarisc<br \/>\nFormatges<\/b><\/p>\n<p>Disposem de tres models de bosses especials per a cada necessitat:<\/p>\n<div class=\"simple\" style=\"background-color:#EEEEEE; color:#333333;\"><div class=\"inner-padding\">\n<h4><span style=\"color: #ff6600;\"><b>BOSSA EASY<\/b><\/span><\/h4>\n<p>Una bona soluci\u00f3 per envasar carn fresca i carn processada sense ossos.<\/p>\n<p>Caracter\u00edstiques:<\/p>\n<ul>\n<li>Excel\u00b7lent barrera als gasos i a el vapor d'aigua.<\/li>\n<li>Bones propietats de contracci\u00f3 (45%).<\/li>\n<li>\u00d2ptima resist\u00e8ncia mec\u00e0nica.<\/li>\n<li>Perfecta transpar\u00e8ncia i acabat brillant.<\/li>\n<li>Resist\u00e8ncia a la calor i als raigs UV.<\/li>\n<li>Excel\u00b7lents propietats de sellat.<\/li>\n<li>Gruix de 45 i 75 micres.<\/li>\n<\/ul>\n<\/div><\/div>\n<div class=\"simple\" style=\"background-color:#EEEEEE; color:#333333;\"><div class=\"inner-padding\">\n<h4><span style=\"color: #ff6600;\"><b>BOSSA HARD<\/b><\/span><\/h4>\n<p>Una bona soluci\u00f3 per envasar carn fresca amb ossos.<\/p>\n<p>Caracter\u00edstiques:<\/p>\n<ul>\n<li>Alta resist\u00e8ncia a la perforaci\u00f3.<\/li>\n<li>Excel\u00b7lent barrera als gasos i a el vapor d'aigua.<\/li>\n<li>Bones propietats de contracci\u00f3 (30%).<\/li>\n<li>\u00d2ptima resist\u00e8ncia mec\u00e0nica.<\/li>\n<li>Perfecta transpar\u00e8ncia i acabat brillant.<\/li>\n<li>Resist\u00e8ncia a la calor i als raigs UV.<\/li>\n<li>Excel\u00b7lents propietats de sellat.<\/li>\n<li>Gruix de 95 micres.<\/li>\n<\/ul>\n<\/div><\/div>\n<div class=\"simple\" style=\"background-color:#EEEEEE; color:#333333;\"><div class=\"inner-padding\">\n<h4><span style=\"color: #ff6600;\"><b>BOSSA CHEESE<\/b><\/span><\/h4>\n<p>Una bona soluci\u00f3 per envasar formatges (segons els gasos).<\/p>\n<p>Caracter\u00edstiques:<\/p>\n<ul>\n<li>Gran resist\u00e8ncia a la perforaci\u00f3.<\/li>\n<li>Barrera ajustable en funci\u00f3 del formatge.<\/li>\n<li>Bones propietats de contracci\u00f3 (45%).<\/li>\n<li>\u00d2ptima resist\u00e8ncia mec\u00e0nica.<\/li>\n<li>Perfecta transpar\u00e8ncia i acabat brillant.<\/li>\n<li>Excel\u00b7lents propietats de sellat.<\/li>\n<li>Gruix de 45 micres.<\/li>\n<\/ul>\n<\/div><\/div>","protected":false},"excerpt":{"rendered":"<p>BOLSAS CON ALTA RESIST\u00c9NCIA MEC\u00c1NICA Bolsas retr\u00e1ctiles para envasar al vac\u00edo formada por 9 capas para mantener los alimentos frescos y en \u00f3ptimas condiciones. Su propiedad principal es la adaptaci\u00f3n a productos de tama\u00f1os muy variados. Podemos confeccionar una amplia gama de medidas para todas las necesidades<\/p>","protected":false},"author":1,"featured_media":0,"parent":0,"menu_order":0,"comment_status":"open","ping_status":"open","template":"","meta":{"footnotes":""},"class_list":["post-44","page","type-page","status-publish","hentry"],"yoast_head":"<!-- This site is optimized with the Yoast SEO plugin v27.6 - https:\/\/yoast.com\/product\/yoast-seo-wordpress\/ -->\n<title>Bolsas retr\u00e1ctiles - AVIVA Sistem Grup - Design &amp; Packaging<\/title>\n<meta name=\"robots\" content=\"index, follow, max-snippet:-1, max-image-preview:large, max-video-preview:-1\" \/>\n<link rel=\"canonical\" href=\"https:\/\/avivasistemgrup.com\/ca\/bolsas-retractiles\/\" \/>\n<meta property=\"og:locale\" content=\"ca_ES\" \/>\n<meta property=\"og:type\" content=\"article\" \/>\n<meta property=\"og:title\" content=\"Bolsas retr\u00e1ctiles - AVIVA Sistem Grup - Design &amp; Packaging\" \/>\n<meta property=\"og:description\" content=\"BOLSAS CON ALTA RESIST\u00c9NCIA MEC\u00c1NICA Bolsas retr\u00e1ctiles para envasar al vac\u00edo formada por 9 capas para mantener los alimentos frescos y en \u00f3ptimas condiciones. Su propiedad principal es la adaptaci\u00f3n a productos de tama\u00f1os muy variados. Podemos confeccionar una amplia gama de medidas para todas las necesidades\" \/>\n<meta property=\"og:url\" content=\"https:\/\/avivasistemgrup.com\/ca\/bolsas-retractiles\/\" \/>\n<meta property=\"og:site_name\" content=\"AVIVA Sistem Grup - Design &amp; Packaging\" \/>\n<meta property=\"article:modified_time\" content=\"2020-02-03T07:40:11+00:00\" \/>\n<meta property=\"og:image\" content=\"http:\/\/www.avivasistemgrup.com\/wp-content\/uploads\/2012\/12\/bolsa_retractil.jpg\" \/>\n<meta name=\"twitter:label1\" content=\"Temps estimat de lectura\" \/>\n\t<meta name=\"twitter:data1\" content=\"1 minut\" \/>\n<script type=\"application\/ld+json\" class=\"yoast-schema-graph\">{\"@context\":\"https:\\\/\\\/schema.org\",\"@graph\":[{\"@type\":\"WebPage\",\"@id\":\"https:\\\/\\\/avivasistemgrup.com\\\/bolsas-retractiles\\\/\",\"url\":\"https:\\\/\\\/avivasistemgrup.com\\\/bolsas-retractiles\\\/\",\"name\":\"Bolsas retr\u00e1ctiles - AVIVA Sistem Grup - Design &amp; Packaging\",\"isPartOf\":{\"@id\":\"https:\\\/\\\/avivasistemgrup.com\\\/#website\"},\"primaryImageOfPage\":{\"@id\":\"https:\\\/\\\/avivasistemgrup.com\\\/bolsas-retractiles\\\/#primaryimage\"},\"image\":{\"@id\":\"https:\\\/\\\/avivasistemgrup.com\\\/bolsas-retractiles\\\/#primaryimage\"},\"thumbnailUrl\":\"http:\\\/\\\/www.avivasistemgrup.com\\\/wp-content\\\/uploads\\\/2012\\\/12\\\/bolsa_retractil.jpg\",\"datePublished\":\"2012-12-19T15:07:39+00:00\",\"dateModified\":\"2020-02-03T07:40:11+00:00\",\"inLanguage\":\"ca\",\"potentialAction\":[{\"@type\":\"ReadAction\",\"target\":[\"https:\\\/\\\/avivasistemgrup.com\\\/bolsas-retractiles\\\/\"]}]},{\"@type\":\"ImageObject\",\"inLanguage\":\"ca\",\"@id\":\"https:\\\/\\\/avivasistemgrup.com\\\/bolsas-retractiles\\\/#primaryimage\",\"url\":\"http:\\\/\\\/www.avivasistemgrup.com\\\/wp-content\\\/uploads\\\/2012\\\/12\\\/bolsa_retractil.jpg\",\"contentUrl\":\"http:\\\/\\\/www.avivasistemgrup.com\\\/wp-content\\\/uploads\\\/2012\\\/12\\\/bolsa_retractil.jpg\"},{\"@type\":\"WebSite\",\"@id\":\"https:\\\/\\\/avivasistemgrup.com\\\/#website\",\"url\":\"https:\\\/\\\/avivasistemgrup.com\\\/\",\"name\":\"AVIVA Sistem Grup - Design &amp; Packaging\",\"description\":\"\",\"publisher\":{\"@id\":\"https:\\\/\\\/avivasistemgrup.com\\\/#organization\"},\"potentialAction\":[{\"@type\":\"SearchAction\",\"target\":{\"@type\":\"EntryPoint\",\"urlTemplate\":\"https:\\\/\\\/avivasistemgrup.com\\\/?s={search_term_string}\"},\"query-input\":{\"@type\":\"PropertyValueSpecification\",\"valueRequired\":true,\"valueName\":\"search_term_string\"}}],\"inLanguage\":\"ca\"},{\"@type\":\"Organization\",\"@id\":\"https:\\\/\\\/avivasistemgrup.com\\\/#organization\",\"name\":\"AVIVA Sistem Grup, S.L.\",\"url\":\"https:\\\/\\\/avivasistemgrup.com\\\/\",\"logo\":{\"@type\":\"ImageObject\",\"inLanguage\":\"ca\",\"@id\":\"https:\\\/\\\/avivasistemgrup.com\\\/#\\\/schema\\\/logo\\\/image\\\/\",\"url\":\"https:\\\/\\\/avivasistemgrup.com\\\/wp-content\\\/uploads\\\/2020\\\/02\\\/Logo-aviva-transp-02.png\",\"contentUrl\":\"https:\\\/\\\/avivasistemgrup.com\\\/wp-content\\\/uploads\\\/2020\\\/02\\\/Logo-aviva-transp-02.png\",\"width\":201,\"height\":96,\"caption\":\"AVIVA Sistem Grup, S.L.\"},\"image\":{\"@id\":\"https:\\\/\\\/avivasistemgrup.com\\\/#\\\/schema\\\/logo\\\/image\\\/\"}}]}<\/script>\n<!-- \/ Yoast SEO plugin. -->","yoast_head_json":{"title":"Bolsas retr\u00e1ctiles - AVIVA Sistem Grup - Design &amp; Packaging","robots":{"index":"index","follow":"follow","max-snippet":"max-snippet:-1","max-image-preview":"max-image-preview:large","max-video-preview":"max-video-preview:-1"},"canonical":"https:\/\/avivasistemgrup.com\/ca\/bolsas-retractiles\/","og_locale":"ca_ES","og_type":"article","og_title":"Bolsas retr\u00e1ctiles - AVIVA Sistem Grup - Design &amp; Packaging","og_description":"BOLSAS CON ALTA RESIST\u00c9NCIA MEC\u00c1NICA Bolsas retr\u00e1ctiles para envasar al vac\u00edo formada por 9 capas para mantener los alimentos frescos y en \u00f3ptimas condiciones. Su propiedad principal es la adaptaci\u00f3n a productos de tama\u00f1os muy variados. Podemos confeccionar una amplia gama de medidas para todas las necesidades","og_url":"https:\/\/avivasistemgrup.com\/ca\/bolsas-retractiles\/","og_site_name":"AVIVA Sistem Grup - Design &amp; Packaging","article_modified_time":"2020-02-03T07:40:11+00:00","og_image":[{"url":"http:\/\/www.avivasistemgrup.com\/wp-content\/uploads\/2012\/12\/bolsa_retractil.jpg","type":"","width":"","height":""}],"twitter_misc":{"Temps estimat de lectura":"1 minut"},"schema":{"@context":"https:\/\/schema.org","@graph":[{"@type":"WebPage","@id":"https:\/\/avivasistemgrup.com\/bolsas-retractiles\/","url":"https:\/\/avivasistemgrup.com\/bolsas-retractiles\/","name":"Bolsas retr\u00e1ctiles - AVIVA Sistem Grup - Design &amp; Packaging","isPartOf":{"@id":"https:\/\/avivasistemgrup.com\/#website"},"primaryImageOfPage":{"@id":"https:\/\/avivasistemgrup.com\/bolsas-retractiles\/#primaryimage"},"image":{"@id":"https:\/\/avivasistemgrup.com\/bolsas-retractiles\/#primaryimage"},"thumbnailUrl":"http:\/\/www.avivasistemgrup.com\/wp-content\/uploads\/2012\/12\/bolsa_retractil.jpg","datePublished":"2012-12-19T15:07:39+00:00","dateModified":"2020-02-03T07:40:11+00:00","inLanguage":"ca","potentialAction":[{"@type":"ReadAction","target":["https:\/\/avivasistemgrup.com\/bolsas-retractiles\/"]}]},{"@type":"ImageObject","inLanguage":"ca","@id":"https:\/\/avivasistemgrup.com\/bolsas-retractiles\/#primaryimage","url":"http:\/\/www.avivasistemgrup.com\/wp-content\/uploads\/2012\/12\/bolsa_retractil.jpg","contentUrl":"http:\/\/www.avivasistemgrup.com\/wp-content\/uploads\/2012\/12\/bolsa_retractil.jpg"},{"@type":"WebSite","@id":"https:\/\/avivasistemgrup.com\/#website","url":"https:\/\/avivasistemgrup.com\/","name":"AVIVA Sistem Grup - Design &amp; Packaging","description":"","publisher":{"@id":"https:\/\/avivasistemgrup.com\/#organization"},"potentialAction":[{"@type":"SearchAction","target":{"@type":"EntryPoint","urlTemplate":"https:\/\/avivasistemgrup.com\/?s={search_term_string}"},"query-input":{"@type":"PropertyValueSpecification","valueRequired":true,"valueName":"search_term_string"}}],"inLanguage":"ca"},{"@type":"Organization","@id":"https:\/\/avivasistemgrup.com\/#organization","name":"AVIVA Sistem Grup, S.L.","url":"https:\/\/avivasistemgrup.com\/","logo":{"@type":"ImageObject","inLanguage":"ca","@id":"https:\/\/avivasistemgrup.com\/#\/schema\/logo\/image\/","url":"https:\/\/avivasistemgrup.com\/wp-content\/uploads\/2020\/02\/Logo-aviva-transp-02.png","contentUrl":"https:\/\/avivasistemgrup.com\/wp-content\/uploads\/2020\/02\/Logo-aviva-transp-02.png","width":201,"height":96,"caption":"AVIVA Sistem Grup, S.L."},"image":{"@id":"https:\/\/avivasistemgrup.com\/#\/schema\/logo\/image\/"}}]}},"_links":{"self":[{"href":"https:\/\/avivasistemgrup.com\/ca\/wp-json\/wp\/v2\/pages\/44","targetHints":{"allow":["GET"]}}],"collection":[{"href":"https:\/\/avivasistemgrup.com\/ca\/wp-json\/wp\/v2\/pages"}],"about":[{"href":"https:\/\/avivasistemgrup.com\/ca\/wp-json\/wp\/v2\/types\/page"}],"author":[{"embeddable":true,"href":"https:\/\/avivasistemgrup.com\/ca\/wp-json\/wp\/v2\/users\/1"}],"replies":[{"embeddable":true,"href":"https:\/\/avivasistemgrup.com\/ca\/wp-json\/wp\/v2\/comments?post=44"}],"version-history":[{"count":29,"href":"https:\/\/avivasistemgrup.com\/ca\/wp-json\/wp\/v2\/pages\/44\/revisions"}],"predecessor-version":[{"id":588,"href":"https:\/\/avivasistemgrup.com\/ca\/wp-json\/wp\/v2\/pages\/44\/revisions\/588"}],"wp:attachment":[{"href":"https:\/\/avivasistemgrup.com\/ca\/wp-json\/wp\/v2\/media?parent=44"}],"curies":[{"name":"wp","href":"https:\/\/api.w.org\/{rel}","templated":true}]}}