{"id":43,"date":"2012-12-19T15:07:30","date_gmt":"2012-12-19T15:07:30","guid":{"rendered":"http:\/\/www.avivasistemgrup.com\/?page_id=43"},"modified":"2021-07-16T10:54:51","modified_gmt":"2021-07-16T10:54:51","slug":"bolsas-al-vacio","status":"publish","type":"page","link":"https:\/\/avivasistemgrup.com\/ca\/bolsas-al-vacio\/","title":{"rendered":"Bosses buit"},"content":{"rendered":"<h3><span style=\"color: #ff6600;\" data-mce-mark=\"1\">BOSSES AMB EXCEL\u00b7LENT SOLDABILITAT <a href=\"https:\/\/avivasistemgrup.com\/ca\/bolsas-al-vacio\/bolsa_vacio-2\/\" rel=\"attachment wp-att-211\"><img loading=\"lazy\" decoding=\"async\" class=\"alignright\" src=\"http:\/\/www.avivasistemgrup.com\/wp-content\/uploads\/2012\/12\/bolsa_vacio1.jpg\" alt=\"bolsa_vacio\" width=\"157\" height=\"147\" \/><\/a><\/span><\/h3>\n<p style=\"text-align: justify;\">Bosses per envasar al buit, amb alta soldabilitat i resist\u00e8ncia. Ideals per mantenir les propietats dels aliments m\u00e9s temps, una soluci\u00f3 intel\u00b7ligent per estalviar temps i espai. Hi ha disponible una gran gamma de mides i gruixos per a totes les necessitats. Poden fabricar-se impreses en flexo grafia fins a 8 colors, amb plec lateral i tall d'obertura f\u00e0cil.<\/p>\n<div class=\"simple\" style=\"background-color:#EEEEEE; color:#333333;\"><div class=\"inner-padding\">\n<h5 style=\"text-align: justify;\"><strong><span style=\"color: #ff6600;\" data-mce-mark=\"1\">AVIVAC<\/span><\/strong><\/h5>\n<p>La l\u00ednia de bosses AVIVAC est\u00e0 disponible en m\u00fatiples gruixos, materials i mides. Tenen les caracter\u00edstiques seg\u00fcents:<\/p>\n<ul style=\"text-align: justify;\">\n<li>\u00d2ptima soldabilitat.<\/li>\n<li>Bona transpar\u00e8ncia.<\/li>\n<li>Excel\u00b7lent resist\u00e8ncia mec\u00e0nica.<\/li>\n<li>Gruixos de 70, 90, 100, 145, 170 i 200 micres.<\/li>\n<\/ul>\n<\/div><\/div>\n<div class=\"simple\" style=\"background-color:#EEEEEE; color:#333333;\"><div class=\"inner-padding\">\n<h5><strong><span style=\"color: #ff6600;\">AVIVAC BASIC<\/span><\/strong><\/h5>\n<p>Bosses de buit d'\u00fas b\u00e0sic amb una excel\u00b7lent relaci\u00f3 qualitat \/ preu.<\/p>\n<ul>\n<li>Compostes per una nova composici\u00f3 de PA \/ PE.<\/li>\n<li>\u00d2ptima soldabilitat.<\/li>\n<li>Bona transpar\u00e8ncia i brillantor.<\/li>\n<li>Excel\u00b7lent resist\u00e8ncia mec\u00e0nica.<\/li>\n<\/ul>\n<\/div><\/div>\n<div class=\"simple\" style=\"background-color:#EEEEEE; color:#333333;\"><div class=\"inner-padding\">\n<h5><strong>\u00a0<span style=\"color: #ff6600;\">AVICOOK<\/span><\/strong><\/h5>\n<p style=\"text-align: justify;\">Bosses de cocci\u00f3 per envasar i cuinar al buit.<\/p>\n<ul style=\"text-align: justify;\">\n<li>Capacitat de cocci\u00f3 durant 2 h. a 115\u00baC.<\/li>\n<li>\u00d2ptima soldabilitat.<\/li>\n<li>Barrera a l'oxigen i al vapor d'aigua.<\/li>\n<li>Bona transpar\u00e8ncia.<\/li>\n<li>Excel\u00b7lent termoresist\u00e8ncia.<\/li>\n<li>Fabricades amb poliamida biorientat o polipropil\u00e8.<\/li>\n<\/ul>\n<\/div><\/div>\n<div class=\"simple\" style=\"background-color:#EEEEEE; color:#333333;\"><div class=\"inner-padding\">\n<h5 style=\"text-align: justify;\"><strong><span style=\"color: #ff6600;\" data-mce-mark=\"1\">AVIFRESH<\/span><\/strong><\/h5>\n<p style=\"text-align: justify;\">Bossa especial per a l'envasat al buit en m\u00e0quines d'aspiraci\u00f3 externa d'\u00fas dom\u00e8stic. Les seves caracter\u00edstiques:<\/p>\n<ul style=\"text-align: justify;\">\n<li>\u00d2ptima soldabilitat.<\/li>\n<li>Barrera a l'oxigen i al vapor d'aigua.<\/li>\n<li>Bona transpar\u00e8ncia.<\/li>\n<li>Fabricades amb film coextrusionat amb PA \/ PE.<\/li>\n<\/ul>\n<\/div><\/div>","protected":false},"excerpt":{"rendered":"<p>BOLSAS CON EXCELENTE SOLDABILIDAD Bolsas para envasar al vac\u00edo, con alta soldabilidad y resistencia. Ideales para mantener las propiedades de de los alimentos m\u00e1s tiempo, una soluci\u00f3n inteligente para ahorrar tiempo y espacio. Hay disponible una gran gama de tama\u00f1os y espesores para todas las necesidades. Pueden<\/p>","protected":false},"author":1,"featured_media":0,"parent":0,"menu_order":0,"comment_status":"open","ping_status":"open","template":"","meta":{"footnotes":""},"class_list":["post-43","page","type-page","status-publish","hentry"],"yoast_head":"<!-- This site is optimized with the Yoast SEO plugin v27.4 - https:\/\/yoast.com\/product\/yoast-seo-wordpress\/ -->\n<title>Bolsas al vac\u00edo - AVIVA Sistem Grup - Design &amp; Packaging<\/title>\n<meta name=\"robots\" content=\"index, follow, max-snippet:-1, max-image-preview:large, max-video-preview:-1\" \/>\n<link rel=\"canonical\" href=\"https:\/\/avivasistemgrup.com\/ca\/bolsas-al-vacio\/\" \/>\n<meta property=\"og:locale\" content=\"ca_ES\" \/>\n<meta property=\"og:type\" content=\"article\" \/>\n<meta property=\"og:title\" content=\"Bolsas al vac\u00edo - AVIVA Sistem Grup - Design &amp; Packaging\" \/>\n<meta property=\"og:description\" content=\"BOLSAS CON EXCELENTE SOLDABILIDAD Bolsas para envasar al vac\u00edo, con alta soldabilidad y resistencia. Ideales para mantener las propiedades de de los alimentos m\u00e1s tiempo, una soluci\u00f3n inteligente para ahorrar tiempo y espacio. Hay disponible una gran gama de tama\u00f1os y espesores para todas las necesidades. Pueden\" \/>\n<meta property=\"og:url\" content=\"https:\/\/avivasistemgrup.com\/ca\/bolsas-al-vacio\/\" \/>\n<meta property=\"og:site_name\" content=\"AVIVA Sistem Grup - Design &amp; Packaging\" \/>\n<meta property=\"article:modified_time\" content=\"2021-07-16T10:54:51+00:00\" \/>\n<meta property=\"og:image\" content=\"http:\/\/www.avivasistemgrup.com\/wp-content\/uploads\/2012\/12\/bolsa_vacio1.jpg\" \/>\n<meta name=\"twitter:label1\" content=\"Temps estimat de lectura\" \/>\n\t<meta name=\"twitter:data1\" content=\"2 minuts\" \/>\n<script type=\"application\/ld+json\" class=\"yoast-schema-graph\">{\"@context\":\"https:\\\/\\\/schema.org\",\"@graph\":[{\"@type\":\"WebPage\",\"@id\":\"https:\\\/\\\/avivasistemgrup.com\\\/bolsas-al-vacio\\\/\",\"url\":\"https:\\\/\\\/avivasistemgrup.com\\\/bolsas-al-vacio\\\/\",\"name\":\"Bolsas al vac\u00edo - AVIVA Sistem Grup - Design &amp; Packaging\",\"isPartOf\":{\"@id\":\"https:\\\/\\\/avivasistemgrup.com\\\/#website\"},\"primaryImageOfPage\":{\"@id\":\"https:\\\/\\\/avivasistemgrup.com\\\/bolsas-al-vacio\\\/#primaryimage\"},\"image\":{\"@id\":\"https:\\\/\\\/avivasistemgrup.com\\\/bolsas-al-vacio\\\/#primaryimage\"},\"thumbnailUrl\":\"http:\\\/\\\/www.avivasistemgrup.com\\\/wp-content\\\/uploads\\\/2012\\\/12\\\/bolsa_vacio1.jpg\",\"datePublished\":\"2012-12-19T15:07:30+00:00\",\"dateModified\":\"2021-07-16T10:54:51+00:00\",\"inLanguage\":\"ca\",\"potentialAction\":[{\"@type\":\"ReadAction\",\"target\":[\"https:\\\/\\\/avivasistemgrup.com\\\/bolsas-al-vacio\\\/\"]}]},{\"@type\":\"ImageObject\",\"inLanguage\":\"ca\",\"@id\":\"https:\\\/\\\/avivasistemgrup.com\\\/bolsas-al-vacio\\\/#primaryimage\",\"url\":\"http:\\\/\\\/www.avivasistemgrup.com\\\/wp-content\\\/uploads\\\/2012\\\/12\\\/bolsa_vacio1.jpg\",\"contentUrl\":\"http:\\\/\\\/www.avivasistemgrup.com\\\/wp-content\\\/uploads\\\/2012\\\/12\\\/bolsa_vacio1.jpg\"},{\"@type\":\"WebSite\",\"@id\":\"https:\\\/\\\/avivasistemgrup.com\\\/#website\",\"url\":\"https:\\\/\\\/avivasistemgrup.com\\\/\",\"name\":\"AVIVA Sistem Grup - Design &amp; Packaging\",\"description\":\"\",\"publisher\":{\"@id\":\"https:\\\/\\\/avivasistemgrup.com\\\/#organization\"},\"potentialAction\":[{\"@type\":\"SearchAction\",\"target\":{\"@type\":\"EntryPoint\",\"urlTemplate\":\"https:\\\/\\\/avivasistemgrup.com\\\/?s={search_term_string}\"},\"query-input\":{\"@type\":\"PropertyValueSpecification\",\"valueRequired\":true,\"valueName\":\"search_term_string\"}}],\"inLanguage\":\"ca\"},{\"@type\":\"Organization\",\"@id\":\"https:\\\/\\\/avivasistemgrup.com\\\/#organization\",\"name\":\"AVIVA Sistem Grup, S.L.\",\"url\":\"https:\\\/\\\/avivasistemgrup.com\\\/\",\"logo\":{\"@type\":\"ImageObject\",\"inLanguage\":\"ca\",\"@id\":\"https:\\\/\\\/avivasistemgrup.com\\\/#\\\/schema\\\/logo\\\/image\\\/\",\"url\":\"https:\\\/\\\/avivasistemgrup.com\\\/wp-content\\\/uploads\\\/2020\\\/02\\\/Logo-aviva-transp-02.png\",\"contentUrl\":\"https:\\\/\\\/avivasistemgrup.com\\\/wp-content\\\/uploads\\\/2020\\\/02\\\/Logo-aviva-transp-02.png\",\"width\":201,\"height\":96,\"caption\":\"AVIVA Sistem Grup, S.L.\"},\"image\":{\"@id\":\"https:\\\/\\\/avivasistemgrup.com\\\/#\\\/schema\\\/logo\\\/image\\\/\"}}]}<\/script>\n<!-- \/ Yoast SEO plugin. -->","yoast_head_json":{"title":"Bolsas al vac\u00edo - AVIVA Sistem Grup - Design &amp; Packaging","robots":{"index":"index","follow":"follow","max-snippet":"max-snippet:-1","max-image-preview":"max-image-preview:large","max-video-preview":"max-video-preview:-1"},"canonical":"https:\/\/avivasistemgrup.com\/ca\/bolsas-al-vacio\/","og_locale":"ca_ES","og_type":"article","og_title":"Bolsas al vac\u00edo - AVIVA Sistem Grup - Design &amp; Packaging","og_description":"BOLSAS CON EXCELENTE SOLDABILIDAD Bolsas para envasar al vac\u00edo, con alta soldabilidad y resistencia. Ideales para mantener las propiedades de de los alimentos m\u00e1s tiempo, una soluci\u00f3n inteligente para ahorrar tiempo y espacio. Hay disponible una gran gama de tama\u00f1os y espesores para todas las necesidades. Pueden","og_url":"https:\/\/avivasistemgrup.com\/ca\/bolsas-al-vacio\/","og_site_name":"AVIVA Sistem Grup - Design &amp; Packaging","article_modified_time":"2021-07-16T10:54:51+00:00","og_image":[{"url":"http:\/\/www.avivasistemgrup.com\/wp-content\/uploads\/2012\/12\/bolsa_vacio1.jpg","type":"","width":"","height":""}],"twitter_misc":{"Temps estimat de lectura":"2 minuts"},"schema":{"@context":"https:\/\/schema.org","@graph":[{"@type":"WebPage","@id":"https:\/\/avivasistemgrup.com\/bolsas-al-vacio\/","url":"https:\/\/avivasistemgrup.com\/bolsas-al-vacio\/","name":"Bolsas al vac\u00edo - AVIVA Sistem Grup - Design &amp; Packaging","isPartOf":{"@id":"https:\/\/avivasistemgrup.com\/#website"},"primaryImageOfPage":{"@id":"https:\/\/avivasistemgrup.com\/bolsas-al-vacio\/#primaryimage"},"image":{"@id":"https:\/\/avivasistemgrup.com\/bolsas-al-vacio\/#primaryimage"},"thumbnailUrl":"http:\/\/www.avivasistemgrup.com\/wp-content\/uploads\/2012\/12\/bolsa_vacio1.jpg","datePublished":"2012-12-19T15:07:30+00:00","dateModified":"2021-07-16T10:54:51+00:00","inLanguage":"ca","potentialAction":[{"@type":"ReadAction","target":["https:\/\/avivasistemgrup.com\/bolsas-al-vacio\/"]}]},{"@type":"ImageObject","inLanguage":"ca","@id":"https:\/\/avivasistemgrup.com\/bolsas-al-vacio\/#primaryimage","url":"http:\/\/www.avivasistemgrup.com\/wp-content\/uploads\/2012\/12\/bolsa_vacio1.jpg","contentUrl":"http:\/\/www.avivasistemgrup.com\/wp-content\/uploads\/2012\/12\/bolsa_vacio1.jpg"},{"@type":"WebSite","@id":"https:\/\/avivasistemgrup.com\/#website","url":"https:\/\/avivasistemgrup.com\/","name":"AVIVA Sistem Grup - Design &amp; Packaging","description":"","publisher":{"@id":"https:\/\/avivasistemgrup.com\/#organization"},"potentialAction":[{"@type":"SearchAction","target":{"@type":"EntryPoint","urlTemplate":"https:\/\/avivasistemgrup.com\/?s={search_term_string}"},"query-input":{"@type":"PropertyValueSpecification","valueRequired":true,"valueName":"search_term_string"}}],"inLanguage":"ca"},{"@type":"Organization","@id":"https:\/\/avivasistemgrup.com\/#organization","name":"AVIVA Sistem Grup, S.L.","url":"https:\/\/avivasistemgrup.com\/","logo":{"@type":"ImageObject","inLanguage":"ca","@id":"https:\/\/avivasistemgrup.com\/#\/schema\/logo\/image\/","url":"https:\/\/avivasistemgrup.com\/wp-content\/uploads\/2020\/02\/Logo-aviva-transp-02.png","contentUrl":"https:\/\/avivasistemgrup.com\/wp-content\/uploads\/2020\/02\/Logo-aviva-transp-02.png","width":201,"height":96,"caption":"AVIVA Sistem Grup, S.L."},"image":{"@id":"https:\/\/avivasistemgrup.com\/#\/schema\/logo\/image\/"}}]}},"_links":{"self":[{"href":"https:\/\/avivasistemgrup.com\/ca\/wp-json\/wp\/v2\/pages\/43","targetHints":{"allow":["GET"]}}],"collection":[{"href":"https:\/\/avivasistemgrup.com\/ca\/wp-json\/wp\/v2\/pages"}],"about":[{"href":"https:\/\/avivasistemgrup.com\/ca\/wp-json\/wp\/v2\/types\/page"}],"author":[{"embeddable":true,"href":"https:\/\/avivasistemgrup.com\/ca\/wp-json\/wp\/v2\/users\/1"}],"replies":[{"embeddable":true,"href":"https:\/\/avivasistemgrup.com\/ca\/wp-json\/wp\/v2\/comments?post=43"}],"version-history":[{"count":35,"href":"https:\/\/avivasistemgrup.com\/ca\/wp-json\/wp\/v2\/pages\/43\/revisions"}],"predecessor-version":[{"id":676,"href":"https:\/\/avivasistemgrup.com\/ca\/wp-json\/wp\/v2\/pages\/43\/revisions\/676"}],"wp:attachment":[{"href":"https:\/\/avivasistemgrup.com\/ca\/wp-json\/wp\/v2\/media?parent=43"}],"curies":[{"name":"wp","href":"https:\/\/api.w.org\/{rel}","templated":true}]}}