{"id":427,"date":"2018-05-21T11:03:45","date_gmt":"2018-05-21T11:03:45","guid":{"rendered":"http:\/\/www.avivasistemgrup.com\/?page_id=427"},"modified":"2020-02-03T07:52:49","modified_gmt":"2020-02-03T07:52:49","slug":"bolsas-rollo-compra","status":"publish","type":"page","link":"https:\/\/avivasistemgrup.com\/ca\/bolsas-rollo-compra\/","title":{"rendered":"Bosses roll i compra"},"content":{"rendered":"<h3><span style=\"color: #ff6600;\">BOSSES ROTLLO I COMPRA<\/span><\/h3>\n<p>Bosses PE de polietil\u00e8 per a hipermercats, supermercats i establiments de distribuci\u00f3 en general. Fabricades en polietil\u00e8 d'AD i BD de la m\u00e0xima qualitat, transparents o de color, amb l'opci\u00f3 d'impressi\u00f3 personalitzada.<\/p>\n<p><a href=\"https:\/\/avivasistemgrup.com\/ca\/bolsas-rollo-compra\/aviva_bolsascompra\/\" rel=\"attachment wp-att-428\"><img loading=\"lazy\" decoding=\"async\" class=\"wp-image-428 alignright\" src=\"http:\/\/www.avivasistemgrup.com\/wp-content\/uploads\/2018\/05\/AVIVA_bolsascompra.jpg\" alt=\"\" width=\"237\" height=\"242\"><\/a><\/p>\n<ul>\n<li>Bossa de compra<\/li>\n<li>Bossa en rotllo<\/li>\n<li>Bossa industrial en rotllo<\/li>\n<li>Bossa en rotllo plegada en \"C\"<\/li>\n<\/ul>\n<p><strong>Bosses de Compra<\/strong><\/p>\n<p>Les bosses de compra s\u00f3n les que ens proporcionen els supermercats amb l'anagrama impr\u00e8s. Es presenten en dues versions: bloc i rotllo. Fabricades en polietil\u00e8 d'AD i BD de la m\u00e0xima qualitat, transparents o de color, amb l'opci\u00f3 d'impressi\u00f3 personalitzada.<\/p>\n<p><strong>Bosses Rotllo<\/strong><\/p>\n<p>Creades principalment per als dispensadors SISTEMBOSS a les seccions de lliure servei (fruites, verdures i congelats) i altres seccions (xarcuteria, carnisseria, peixateria, fleca ...).<\/p>\n<p>Disposem de dos tipus de bosses: est\u00e0ndard i personalitzables.<\/p>\n<p>Destaquen per la seva presentaci\u00f3, comoditat i control d'economia d'\u00fas. S\u00f3n de polietil\u00e8 d'AD i BD personalitzades fins a 3 colors.<\/p>","protected":false},"excerpt":{"rendered":"<p>BOLSAS ROLLO Y COMPRA Bolsas PE de polietileno para hipermercados, supermercados y establecimientos de distribuci\u00f3n en general. Fabricadas en polietileno de AD y BD de la m\u00e1xima calidad, transparentes o de color, con la opci\u00f3n de impresi\u00f3n personalizada. Bolsa de compra Bolsa en rollo Bolsa industrial en<\/p>","protected":false},"author":1,"featured_media":0,"parent":0,"menu_order":0,"comment_status":"closed","ping_status":"closed","template":"","meta":{"footnotes":""},"class_list":["post-427","page","type-page","status-publish","hentry"],"yoast_head":"<!-- This site is optimized with the Yoast SEO plugin v27.6 - https:\/\/yoast.com\/product\/yoast-seo-wordpress\/ -->\n<title>Bolsas rollo y compra - AVIVA Sistem Grup - Design &amp; Packaging<\/title>\n<meta name=\"robots\" content=\"index, follow, max-snippet:-1, max-image-preview:large, max-video-preview:-1\" \/>\n<link rel=\"canonical\" href=\"https:\/\/avivasistemgrup.com\/ca\/bolsas-rollo-compra\/\" \/>\n<meta property=\"og:locale\" content=\"ca_ES\" \/>\n<meta property=\"og:type\" content=\"article\" \/>\n<meta property=\"og:title\" content=\"Bolsas rollo y compra - AVIVA Sistem Grup - Design &amp; Packaging\" \/>\n<meta property=\"og:description\" content=\"BOLSAS ROLLO Y COMPRA Bolsas PE de polietileno para hipermercados, supermercados y establecimientos de distribuci\u00f3n en general. Fabricadas en polietileno de AD y BD de la m\u00e1xima calidad, transparentes o de color, con la opci\u00f3n de impresi\u00f3n personalizada. Bolsa de compra Bolsa en rollo Bolsa industrial en\" \/>\n<meta property=\"og:url\" content=\"https:\/\/avivasistemgrup.com\/ca\/bolsas-rollo-compra\/\" \/>\n<meta property=\"og:site_name\" content=\"AVIVA Sistem Grup - Design &amp; Packaging\" \/>\n<meta property=\"article:modified_time\" content=\"2020-02-03T07:52:49+00:00\" \/>\n<meta property=\"og:image\" content=\"http:\/\/www.avivasistemgrup.com\/wp-content\/uploads\/2018\/05\/AVIVA_bolsascompra.jpg\" \/>\n<meta name=\"twitter:label1\" content=\"Temps estimat de lectura\" \/>\n\t<meta name=\"twitter:data1\" content=\"1 minut\" \/>\n<script type=\"application\/ld+json\" class=\"yoast-schema-graph\">{\"@context\":\"https:\\\/\\\/schema.org\",\"@graph\":[{\"@type\":\"WebPage\",\"@id\":\"https:\\\/\\\/avivasistemgrup.com\\\/bolsas-rollo-compra\\\/\",\"url\":\"https:\\\/\\\/avivasistemgrup.com\\\/bolsas-rollo-compra\\\/\",\"name\":\"Bolsas rollo y compra - AVIVA Sistem Grup - Design &amp; Packaging\",\"isPartOf\":{\"@id\":\"https:\\\/\\\/avivasistemgrup.com\\\/#website\"},\"primaryImageOfPage\":{\"@id\":\"https:\\\/\\\/avivasistemgrup.com\\\/bolsas-rollo-compra\\\/#primaryimage\"},\"image\":{\"@id\":\"https:\\\/\\\/avivasistemgrup.com\\\/bolsas-rollo-compra\\\/#primaryimage\"},\"thumbnailUrl\":\"http:\\\/\\\/www.avivasistemgrup.com\\\/wp-content\\\/uploads\\\/2018\\\/05\\\/AVIVA_bolsascompra.jpg\",\"datePublished\":\"2018-05-21T11:03:45+00:00\",\"dateModified\":\"2020-02-03T07:52:49+00:00\",\"inLanguage\":\"ca\",\"potentialAction\":[{\"@type\":\"ReadAction\",\"target\":[\"https:\\\/\\\/avivasistemgrup.com\\\/bolsas-rollo-compra\\\/\"]}]},{\"@type\":\"ImageObject\",\"inLanguage\":\"ca\",\"@id\":\"https:\\\/\\\/avivasistemgrup.com\\\/bolsas-rollo-compra\\\/#primaryimage\",\"url\":\"http:\\\/\\\/www.avivasistemgrup.com\\\/wp-content\\\/uploads\\\/2018\\\/05\\\/AVIVA_bolsascompra.jpg\",\"contentUrl\":\"http:\\\/\\\/www.avivasistemgrup.com\\\/wp-content\\\/uploads\\\/2018\\\/05\\\/AVIVA_bolsascompra.jpg\"},{\"@type\":\"WebSite\",\"@id\":\"https:\\\/\\\/avivasistemgrup.com\\\/#website\",\"url\":\"https:\\\/\\\/avivasistemgrup.com\\\/\",\"name\":\"AVIVA Sistem Grup - Design &amp; Packaging\",\"description\":\"\",\"publisher\":{\"@id\":\"https:\\\/\\\/avivasistemgrup.com\\\/#organization\"},\"potentialAction\":[{\"@type\":\"SearchAction\",\"target\":{\"@type\":\"EntryPoint\",\"urlTemplate\":\"https:\\\/\\\/avivasistemgrup.com\\\/?s={search_term_string}\"},\"query-input\":{\"@type\":\"PropertyValueSpecification\",\"valueRequired\":true,\"valueName\":\"search_term_string\"}}],\"inLanguage\":\"ca\"},{\"@type\":\"Organization\",\"@id\":\"https:\\\/\\\/avivasistemgrup.com\\\/#organization\",\"name\":\"AVIVA Sistem Grup, S.L.\",\"url\":\"https:\\\/\\\/avivasistemgrup.com\\\/\",\"logo\":{\"@type\":\"ImageObject\",\"inLanguage\":\"ca\",\"@id\":\"https:\\\/\\\/avivasistemgrup.com\\\/#\\\/schema\\\/logo\\\/image\\\/\",\"url\":\"https:\\\/\\\/avivasistemgrup.com\\\/wp-content\\\/uploads\\\/2020\\\/02\\\/Logo-aviva-transp-02.png\",\"contentUrl\":\"https:\\\/\\\/avivasistemgrup.com\\\/wp-content\\\/uploads\\\/2020\\\/02\\\/Logo-aviva-transp-02.png\",\"width\":201,\"height\":96,\"caption\":\"AVIVA Sistem Grup, S.L.\"},\"image\":{\"@id\":\"https:\\\/\\\/avivasistemgrup.com\\\/#\\\/schema\\\/logo\\\/image\\\/\"}}]}<\/script>\n<!-- \/ Yoast SEO plugin. -->","yoast_head_json":{"title":"Bolsas rollo y compra - AVIVA Sistem Grup - Design &amp; Packaging","robots":{"index":"index","follow":"follow","max-snippet":"max-snippet:-1","max-image-preview":"max-image-preview:large","max-video-preview":"max-video-preview:-1"},"canonical":"https:\/\/avivasistemgrup.com\/ca\/bolsas-rollo-compra\/","og_locale":"ca_ES","og_type":"article","og_title":"Bolsas rollo y compra - AVIVA Sistem Grup - Design &amp; Packaging","og_description":"BOLSAS ROLLO Y COMPRA Bolsas PE de polietileno para hipermercados, supermercados y establecimientos de distribuci\u00f3n en general. Fabricadas en polietileno de AD y BD de la m\u00e1xima calidad, transparentes o de color, con la opci\u00f3n de impresi\u00f3n personalizada. Bolsa de compra Bolsa en rollo Bolsa industrial en","og_url":"https:\/\/avivasistemgrup.com\/ca\/bolsas-rollo-compra\/","og_site_name":"AVIVA Sistem Grup - Design &amp; Packaging","article_modified_time":"2020-02-03T07:52:49+00:00","og_image":[{"url":"http:\/\/www.avivasistemgrup.com\/wp-content\/uploads\/2018\/05\/AVIVA_bolsascompra.jpg","type":"","width":"","height":""}],"twitter_misc":{"Temps estimat de lectura":"1 minut"},"schema":{"@context":"https:\/\/schema.org","@graph":[{"@type":"WebPage","@id":"https:\/\/avivasistemgrup.com\/bolsas-rollo-compra\/","url":"https:\/\/avivasistemgrup.com\/bolsas-rollo-compra\/","name":"Bolsas rollo y compra - AVIVA Sistem Grup - Design &amp; Packaging","isPartOf":{"@id":"https:\/\/avivasistemgrup.com\/#website"},"primaryImageOfPage":{"@id":"https:\/\/avivasistemgrup.com\/bolsas-rollo-compra\/#primaryimage"},"image":{"@id":"https:\/\/avivasistemgrup.com\/bolsas-rollo-compra\/#primaryimage"},"thumbnailUrl":"http:\/\/www.avivasistemgrup.com\/wp-content\/uploads\/2018\/05\/AVIVA_bolsascompra.jpg","datePublished":"2018-05-21T11:03:45+00:00","dateModified":"2020-02-03T07:52:49+00:00","inLanguage":"ca","potentialAction":[{"@type":"ReadAction","target":["https:\/\/avivasistemgrup.com\/bolsas-rollo-compra\/"]}]},{"@type":"ImageObject","inLanguage":"ca","@id":"https:\/\/avivasistemgrup.com\/bolsas-rollo-compra\/#primaryimage","url":"http:\/\/www.avivasistemgrup.com\/wp-content\/uploads\/2018\/05\/AVIVA_bolsascompra.jpg","contentUrl":"http:\/\/www.avivasistemgrup.com\/wp-content\/uploads\/2018\/05\/AVIVA_bolsascompra.jpg"},{"@type":"WebSite","@id":"https:\/\/avivasistemgrup.com\/#website","url":"https:\/\/avivasistemgrup.com\/","name":"AVIVA Sistem Grup - Design &amp; Packaging","description":"","publisher":{"@id":"https:\/\/avivasistemgrup.com\/#organization"},"potentialAction":[{"@type":"SearchAction","target":{"@type":"EntryPoint","urlTemplate":"https:\/\/avivasistemgrup.com\/?s={search_term_string}"},"query-input":{"@type":"PropertyValueSpecification","valueRequired":true,"valueName":"search_term_string"}}],"inLanguage":"ca"},{"@type":"Organization","@id":"https:\/\/avivasistemgrup.com\/#organization","name":"AVIVA Sistem Grup, S.L.","url":"https:\/\/avivasistemgrup.com\/","logo":{"@type":"ImageObject","inLanguage":"ca","@id":"https:\/\/avivasistemgrup.com\/#\/schema\/logo\/image\/","url":"https:\/\/avivasistemgrup.com\/wp-content\/uploads\/2020\/02\/Logo-aviva-transp-02.png","contentUrl":"https:\/\/avivasistemgrup.com\/wp-content\/uploads\/2020\/02\/Logo-aviva-transp-02.png","width":201,"height":96,"caption":"AVIVA Sistem Grup, S.L."},"image":{"@id":"https:\/\/avivasistemgrup.com\/#\/schema\/logo\/image\/"}}]}},"_links":{"self":[{"href":"https:\/\/avivasistemgrup.com\/ca\/wp-json\/wp\/v2\/pages\/427","targetHints":{"allow":["GET"]}}],"collection":[{"href":"https:\/\/avivasistemgrup.com\/ca\/wp-json\/wp\/v2\/pages"}],"about":[{"href":"https:\/\/avivasistemgrup.com\/ca\/wp-json\/wp\/v2\/types\/page"}],"author":[{"embeddable":true,"href":"https:\/\/avivasistemgrup.com\/ca\/wp-json\/wp\/v2\/users\/1"}],"replies":[{"embeddable":true,"href":"https:\/\/avivasistemgrup.com\/ca\/wp-json\/wp\/v2\/comments?post=427"}],"version-history":[{"count":4,"href":"https:\/\/avivasistemgrup.com\/ca\/wp-json\/wp\/v2\/pages\/427\/revisions"}],"predecessor-version":[{"id":601,"href":"https:\/\/avivasistemgrup.com\/ca\/wp-json\/wp\/v2\/pages\/427\/revisions\/601"}],"wp:attachment":[{"href":"https:\/\/avivasistemgrup.com\/ca\/wp-json\/wp\/v2\/media?parent=427"}],"curies":[{"name":"wp","href":"https:\/\/api.w.org\/{rel}","templated":true}]}}