{"id":390,"date":"2018-05-21T10:07:43","date_gmt":"2018-05-21T10:07:43","guid":{"rendered":"http:\/\/www.avivasistemgrup.com\/?page_id=390"},"modified":"2020-02-03T10:13:55","modified_gmt":"2020-02-03T10:13:55","slug":"logistica","status":"publish","type":"page","link":"https:\/\/avivasistemgrup.com\/ca\/logistica\/","title":{"rendered":"Log\u00edstica"},"content":{"rendered":"<div class=\"one_half\">\n<h1><strong><span style=\"color: #545454;\">Centre Log\u00edstic<\/span><\/strong><\/h1>\n<hr>\n<p><strong>AVIVA Sistem Grup<\/strong> forma part de <a href=\"http:\/\/www.packagingworldgroup.com\/\"><em>PACKAGING World Group<\/em><\/a> i la seva principal activitat \u00e9s la importaci\u00f3 i exportaci\u00f3 d'embalatges, destacant budells pl\u00e0stics, bosses per envasar al buit, bosses retr\u00e0ctils, films alimentaris...<\/p>\n<p>Disposa d'\u00e0mplies instal\u00b7lacions i centre log\u00edstic disponible per a l'emmagatzematge d'embalatges alimentaris. A m\u00e9s de serveis complementaris que abasten des de la log\u00edstica, serveis jur\u00eddics, financers, administratius i comercials.<\/p>\n<p>Es troba situat en una posici\u00f3 estrat\u00e8gica i compta amb una excel\u00b7lent xarxa de comunicaci\u00f3 per a la distribuci\u00f3 mundial altament competitiu. Disposa d'acc\u00e9s directe a l'aeroport, a la xarxa principal de carreteres i autopistes, i a menys de 100 km del port mar\u00edtim.<\/p>\n<p><a href=\"http:\/\/www.packagingworldgroup.com\/\" target=\"_blank\" rel=\"attachment noopener wp-att-421 noreferrer\"><img loading=\"lazy\" decoding=\"async\" class=\"wp-image-421 alignright\" src=\"http:\/\/www.avivasistemgrup.com\/wp-content\/uploads\/2018\/05\/Anagrama-PACKAGING.jpg\" alt=\"\" width=\"183\" height=\"43\" srcset=\"https:\/\/avivasistemgrup.com\/wp-content\/uploads\/2018\/05\/Anagrama-PACKAGING.jpg 354w, https:\/\/avivasistemgrup.com\/wp-content\/uploads\/2018\/05\/Anagrama-PACKAGING-300x72.jpg 300w\" sizes=\"auto, (max-width: 183px) 100vw, 183px\" \/><\/a><\/p>\n<\/div>\n<div class=\"one_half last_column\">\n<p><a href=\"https:\/\/avivasistemgrup.com\/ca\/logistica\/almacen_logistico_aviva-2\/\" rel=\"attachment wp-att-401\"><img loading=\"lazy\" decoding=\"async\" class=\"alignnone size-full wp-image-401\" src=\"http:\/\/www.avivasistemgrup.com\/wp-content\/uploads\/2018\/05\/Almacen_logistico_AVIVA-1.jpg\" alt=\"\" width=\"800\" height=\"600\" srcset=\"https:\/\/avivasistemgrup.com\/wp-content\/uploads\/2018\/05\/Almacen_logistico_AVIVA-1.jpg 800w, https:\/\/avivasistemgrup.com\/wp-content\/uploads\/2018\/05\/Almacen_logistico_AVIVA-1-300x225.jpg 300w, https:\/\/avivasistemgrup.com\/wp-content\/uploads\/2018\/05\/Almacen_logistico_AVIVA-1-768x576.jpg 768w\" sizes=\"auto, (max-width: 800px) 100vw, 800px\" \/><\/a><br>\n<\/div>\n\n\n<div style=\"height:146px\" aria-hidden=\"true\" class=\"wp-block-spacer\"><\/div>","protected":false},"excerpt":{"rendered":"","protected":false},"author":1,"featured_media":0,"parent":0,"menu_order":0,"comment_status":"closed","ping_status":"closed","template":"page-FullWidth.php","meta":{"footnotes":""},"class_list":["post-390","page","type-page","status-publish","hentry"],"yoast_head":"<!-- This site is optimized with the Yoast SEO plugin v27.5 - https:\/\/yoast.com\/product\/yoast-seo-wordpress\/ -->\n<title>Log\u00edstica - AVIVA Sistem Grup - Design &amp; Packaging<\/title>\n<meta name=\"robots\" content=\"index, follow, max-snippet:-1, max-image-preview:large, max-video-preview:-1\" \/>\n<link rel=\"canonical\" href=\"https:\/\/avivasistemgrup.com\/ca\/logistica\/\" \/>\n<meta property=\"og:locale\" content=\"ca_ES\" \/>\n<meta property=\"og:type\" content=\"article\" \/>\n<meta property=\"og:title\" content=\"Log\u00edstica - AVIVA Sistem Grup - Design &amp; Packaging\" \/>\n<meta property=\"og:url\" content=\"https:\/\/avivasistemgrup.com\/ca\/logistica\/\" \/>\n<meta property=\"og:site_name\" content=\"AVIVA Sistem Grup - Design &amp; Packaging\" \/>\n<meta property=\"article:modified_time\" content=\"2020-02-03T10:13:55+00:00\" \/>\n<meta property=\"og:image\" content=\"http:\/\/www.avivasistemgrup.com\/wp-content\/uploads\/2018\/05\/Anagrama-PACKAGING.jpg\" \/>\n<meta name=\"twitter:label1\" content=\"Temps estimat de lectura\" \/>\n\t<meta name=\"twitter:data1\" content=\"1 minut\" \/>\n<script type=\"application\/ld+json\" class=\"yoast-schema-graph\">{\"@context\":\"https:\\\/\\\/schema.org\",\"@graph\":[{\"@type\":\"WebPage\",\"@id\":\"https:\\\/\\\/avivasistemgrup.com\\\/logistica\\\/\",\"url\":\"https:\\\/\\\/avivasistemgrup.com\\\/logistica\\\/\",\"name\":\"Log\u00edstica - AVIVA Sistem Grup - Design &amp; Packaging\",\"isPartOf\":{\"@id\":\"https:\\\/\\\/avivasistemgrup.com\\\/#website\"},\"primaryImageOfPage\":{\"@id\":\"https:\\\/\\\/avivasistemgrup.com\\\/logistica\\\/#primaryimage\"},\"image\":{\"@id\":\"https:\\\/\\\/avivasistemgrup.com\\\/logistica\\\/#primaryimage\"},\"thumbnailUrl\":\"http:\\\/\\\/www.avivasistemgrup.com\\\/wp-content\\\/uploads\\\/2018\\\/05\\\/Anagrama-PACKAGING.jpg\",\"datePublished\":\"2018-05-21T10:07:43+00:00\",\"dateModified\":\"2020-02-03T10:13:55+00:00\",\"inLanguage\":\"ca\",\"potentialAction\":[{\"@type\":\"ReadAction\",\"target\":[\"https:\\\/\\\/avivasistemgrup.com\\\/logistica\\\/\"]}]},{\"@type\":\"ImageObject\",\"inLanguage\":\"ca\",\"@id\":\"https:\\\/\\\/avivasistemgrup.com\\\/logistica\\\/#primaryimage\",\"url\":\"http:\\\/\\\/www.avivasistemgrup.com\\\/wp-content\\\/uploads\\\/2018\\\/05\\\/Anagrama-PACKAGING.jpg\",\"contentUrl\":\"http:\\\/\\\/www.avivasistemgrup.com\\\/wp-content\\\/uploads\\\/2018\\\/05\\\/Anagrama-PACKAGING.jpg\"},{\"@type\":\"WebSite\",\"@id\":\"https:\\\/\\\/avivasistemgrup.com\\\/#website\",\"url\":\"https:\\\/\\\/avivasistemgrup.com\\\/\",\"name\":\"AVIVA Sistem Grup - Design &amp; Packaging\",\"description\":\"\",\"publisher\":{\"@id\":\"https:\\\/\\\/avivasistemgrup.com\\\/#organization\"},\"potentialAction\":[{\"@type\":\"SearchAction\",\"target\":{\"@type\":\"EntryPoint\",\"urlTemplate\":\"https:\\\/\\\/avivasistemgrup.com\\\/?s={search_term_string}\"},\"query-input\":{\"@type\":\"PropertyValueSpecification\",\"valueRequired\":true,\"valueName\":\"search_term_string\"}}],\"inLanguage\":\"ca\"},{\"@type\":\"Organization\",\"@id\":\"https:\\\/\\\/avivasistemgrup.com\\\/#organization\",\"name\":\"AVIVA Sistem Grup, S.L.\",\"url\":\"https:\\\/\\\/avivasistemgrup.com\\\/\",\"logo\":{\"@type\":\"ImageObject\",\"inLanguage\":\"ca\",\"@id\":\"https:\\\/\\\/avivasistemgrup.com\\\/#\\\/schema\\\/logo\\\/image\\\/\",\"url\":\"https:\\\/\\\/avivasistemgrup.com\\\/wp-content\\\/uploads\\\/2020\\\/02\\\/Logo-aviva-transp-02.png\",\"contentUrl\":\"https:\\\/\\\/avivasistemgrup.com\\\/wp-content\\\/uploads\\\/2020\\\/02\\\/Logo-aviva-transp-02.png\",\"width\":201,\"height\":96,\"caption\":\"AVIVA Sistem Grup, S.L.\"},\"image\":{\"@id\":\"https:\\\/\\\/avivasistemgrup.com\\\/#\\\/schema\\\/logo\\\/image\\\/\"}}]}<\/script>\n<!-- \/ Yoast SEO plugin. -->","yoast_head_json":{"title":"Log\u00edstica - AVIVA Sistem Grup - Design &amp; Packaging","robots":{"index":"index","follow":"follow","max-snippet":"max-snippet:-1","max-image-preview":"max-image-preview:large","max-video-preview":"max-video-preview:-1"},"canonical":"https:\/\/avivasistemgrup.com\/ca\/logistica\/","og_locale":"ca_ES","og_type":"article","og_title":"Log\u00edstica - AVIVA Sistem Grup - Design &amp; Packaging","og_url":"https:\/\/avivasistemgrup.com\/ca\/logistica\/","og_site_name":"AVIVA Sistem Grup - Design &amp; Packaging","article_modified_time":"2020-02-03T10:13:55+00:00","og_image":[{"url":"http:\/\/www.avivasistemgrup.com\/wp-content\/uploads\/2018\/05\/Anagrama-PACKAGING.jpg","type":"","width":"","height":""}],"twitter_misc":{"Temps estimat de lectura":"1 minut"},"schema":{"@context":"https:\/\/schema.org","@graph":[{"@type":"WebPage","@id":"https:\/\/avivasistemgrup.com\/logistica\/","url":"https:\/\/avivasistemgrup.com\/logistica\/","name":"Log\u00edstica - AVIVA Sistem Grup - Design &amp; Packaging","isPartOf":{"@id":"https:\/\/avivasistemgrup.com\/#website"},"primaryImageOfPage":{"@id":"https:\/\/avivasistemgrup.com\/logistica\/#primaryimage"},"image":{"@id":"https:\/\/avivasistemgrup.com\/logistica\/#primaryimage"},"thumbnailUrl":"http:\/\/www.avivasistemgrup.com\/wp-content\/uploads\/2018\/05\/Anagrama-PACKAGING.jpg","datePublished":"2018-05-21T10:07:43+00:00","dateModified":"2020-02-03T10:13:55+00:00","inLanguage":"ca","potentialAction":[{"@type":"ReadAction","target":["https:\/\/avivasistemgrup.com\/logistica\/"]}]},{"@type":"ImageObject","inLanguage":"ca","@id":"https:\/\/avivasistemgrup.com\/logistica\/#primaryimage","url":"http:\/\/www.avivasistemgrup.com\/wp-content\/uploads\/2018\/05\/Anagrama-PACKAGING.jpg","contentUrl":"http:\/\/www.avivasistemgrup.com\/wp-content\/uploads\/2018\/05\/Anagrama-PACKAGING.jpg"},{"@type":"WebSite","@id":"https:\/\/avivasistemgrup.com\/#website","url":"https:\/\/avivasistemgrup.com\/","name":"AVIVA Sistem Grup - Design &amp; Packaging","description":"","publisher":{"@id":"https:\/\/avivasistemgrup.com\/#organization"},"potentialAction":[{"@type":"SearchAction","target":{"@type":"EntryPoint","urlTemplate":"https:\/\/avivasistemgrup.com\/?s={search_term_string}"},"query-input":{"@type":"PropertyValueSpecification","valueRequired":true,"valueName":"search_term_string"}}],"inLanguage":"ca"},{"@type":"Organization","@id":"https:\/\/avivasistemgrup.com\/#organization","name":"AVIVA Sistem Grup, S.L.","url":"https:\/\/avivasistemgrup.com\/","logo":{"@type":"ImageObject","inLanguage":"ca","@id":"https:\/\/avivasistemgrup.com\/#\/schema\/logo\/image\/","url":"https:\/\/avivasistemgrup.com\/wp-content\/uploads\/2020\/02\/Logo-aviva-transp-02.png","contentUrl":"https:\/\/avivasistemgrup.com\/wp-content\/uploads\/2020\/02\/Logo-aviva-transp-02.png","width":201,"height":96,"caption":"AVIVA Sistem Grup, S.L."},"image":{"@id":"https:\/\/avivasistemgrup.com\/#\/schema\/logo\/image\/"}}]}},"_links":{"self":[{"href":"https:\/\/avivasistemgrup.com\/ca\/wp-json\/wp\/v2\/pages\/390","targetHints":{"allow":["GET"]}}],"collection":[{"href":"https:\/\/avivasistemgrup.com\/ca\/wp-json\/wp\/v2\/pages"}],"about":[{"href":"https:\/\/avivasistemgrup.com\/ca\/wp-json\/wp\/v2\/types\/page"}],"author":[{"embeddable":true,"href":"https:\/\/avivasistemgrup.com\/ca\/wp-json\/wp\/v2\/users\/1"}],"replies":[{"embeddable":true,"href":"https:\/\/avivasistemgrup.com\/ca\/wp-json\/wp\/v2\/comments?post=390"}],"version-history":[{"count":29,"href":"https:\/\/avivasistemgrup.com\/ca\/wp-json\/wp\/v2\/pages\/390\/revisions"}],"predecessor-version":[{"id":637,"href":"https:\/\/avivasistemgrup.com\/ca\/wp-json\/wp\/v2\/pages\/390\/revisions\/637"}],"wp:attachment":[{"href":"https:\/\/avivasistemgrup.com\/ca\/wp-json\/wp\/v2\/media?parent=390"}],"curies":[{"name":"wp","href":"https:\/\/api.w.org\/{rel}","templated":true}]}}