{"id":139,"date":"2013-01-04T11:21:32","date_gmt":"2013-01-04T11:21:32","guid":{"rendered":"http:\/\/www.avivasistemgrup.com\/?page_id=139"},"modified":"2020-02-03T07:41:16","modified_gmt":"2020-02-03T07:41:16","slug":"interleaver","status":"publish","type":"page","link":"https:\/\/avivasistemgrup.com\/ca\/interleaver\/","title":{"rendered":"INTERLEAVER"},"content":{"rendered":"<h2 style=\"text-align: justify;\"><span style=\"color: #ff6600;\">INTERLEAVER<\/span><\/h2>\n<h3 style=\"text-align: justify;\"><img loading=\"lazy\" decoding=\"async\" class=\"size-full wp-image-141 alignright\" src=\"http:\/\/www.avivasistemgrup.com\/wp-content\/uploads\/2013\/01\/interleaver1.jpg\" alt=\"interleaver\" width=\"157\" height=\"127\" \/><\/h3>\n<div style=\"text-align: justify;\">Interleaver \u00e9s un producte que pot realitzar-se en diversos materials i la seva funci\u00f3 \u00e9s la separaci\u00f3 d'aliments llescats per facilitar el consum del client. La seva aplicaci\u00f3 actual a la ind\u00fastria aliment\u00e0ria est\u00e0 destinada als productes l\u00e0ctics i c\u00e0rnics. La seva presentaci\u00f3 \u00e9s en bobines, encara que pot utilitzar-se tamb\u00e9 en formats. La diversitat d'amplades i metratges de les bobines dep\u00e8n de la m\u00e0quina utilitzada.<\/div>\n<div style=\"text-align: justify;\"><\/div>\n<div>Disponible en tres materials: OPS, PPC i CELULOSA TR.<\/div>\n<div class=\"simple\" style=\"background-color:#EEEEEE; color:#333333;\"><div class=\"inner-padding\">\n<h5><span style=\"color: #ff6600;\"><strong>OPS<\/strong><\/span><\/h5>\n<div>\n<ul>\n<li>Color transparent, transl\u00facid i blanc<\/li>\n<li>Propiedades antiest\u00e1ticas<\/li>\n<li>Maquin\u00e0ria de llescat d'alta velocitat<\/li>\n<li>Espessor habitual entre 50 i 70 micres<\/li>\n<\/ul>\n<h5><span style=\"color: #ff6600;\"><strong>PPC<\/strong><\/span><\/h5>\n<ul>\n<li>Maquin\u00e0ria de mitjana i baixa velocitat<\/li>\n<li>Gruix b\u00e0sic de 60 i 70 micres<\/li>\n<li>Color transparent<\/li>\n<\/ul>\n<h5><span style=\"color: #ff6600;\"><strong>CELULOSA TR<\/strong><\/span><\/h5>\n<ul>\n<li>Cel\u00b7lulosa pura tractada<\/li>\n<li>Certificat FSC \/ TCF procedent de boscos reforestats<\/li>\n<li>Sostenible, econ\u00f2mica i respectuosa amb el medi ambient<\/li>\n<\/ul>\n<\/div>\n<\/div><\/div>","protected":false},"excerpt":{"rendered":"<p>INTERLEAVER Interleaver es un producto que puede realizarse en diversos materiales y su funci\u00f3n es la separaci\u00f3n de alimentos loncheados para facilitar el consumo del cliente. Su aplicaci\u00f3n actual en la industria alimentaria est\u00e1 destinada a los productos l\u00e1cteos y c\u00e1rnicos. Su presentaci\u00f3n es en bobinas, aunque<\/p>","protected":false},"author":1,"featured_media":0,"parent":0,"menu_order":0,"comment_status":"closed","ping_status":"closed","template":"","meta":{"footnotes":""},"class_list":["post-139","page","type-page","status-publish","hentry"],"yoast_head":"<!-- This site is optimized with the Yoast SEO plugin v27.5 - https:\/\/yoast.com\/product\/yoast-seo-wordpress\/ -->\n<title>INTERLEAVER - AVIVA Sistem Grup - Design &amp; Packaging<\/title>\n<meta name=\"robots\" content=\"index, follow, max-snippet:-1, max-image-preview:large, max-video-preview:-1\" \/>\n<link rel=\"canonical\" href=\"https:\/\/avivasistemgrup.com\/ca\/interleaver\/\" \/>\n<meta property=\"og:locale\" content=\"ca_ES\" \/>\n<meta property=\"og:type\" content=\"article\" \/>\n<meta property=\"og:title\" content=\"INTERLEAVER - AVIVA Sistem Grup - Design &amp; Packaging\" \/>\n<meta property=\"og:description\" content=\"INTERLEAVER Interleaver es un producto que puede realizarse en diversos materiales y su funci\u00f3n es la separaci\u00f3n de alimentos loncheados para facilitar el consumo del cliente. Su aplicaci\u00f3n actual en la industria alimentaria est\u00e1 destinada a los productos l\u00e1cteos y c\u00e1rnicos. Su presentaci\u00f3n es en bobinas, aunque\" \/>\n<meta property=\"og:url\" content=\"https:\/\/avivasistemgrup.com\/ca\/interleaver\/\" \/>\n<meta property=\"og:site_name\" content=\"AVIVA Sistem Grup - Design &amp; Packaging\" \/>\n<meta property=\"article:modified_time\" content=\"2020-02-03T07:41:16+00:00\" \/>\n<meta property=\"og:image\" content=\"http:\/\/www.avivasistemgrup.com\/wp-content\/uploads\/2013\/01\/interleaver1.jpg\" \/>\n<meta name=\"twitter:label1\" content=\"Temps estimat de lectura\" \/>\n\t<meta name=\"twitter:data1\" content=\"1 minut\" \/>\n<script type=\"application\/ld+json\" class=\"yoast-schema-graph\">{\"@context\":\"https:\\\/\\\/schema.org\",\"@graph\":[{\"@type\":\"WebPage\",\"@id\":\"https:\\\/\\\/avivasistemgrup.com\\\/ca\\\/interleaver\\\/\",\"url\":\"https:\\\/\\\/avivasistemgrup.com\\\/ca\\\/interleaver\\\/\",\"name\":\"INTERLEAVER - AVIVA Sistem Grup - Design &amp; Packaging\",\"isPartOf\":{\"@id\":\"https:\\\/\\\/avivasistemgrup.com\\\/#website\"},\"primaryImageOfPage\":{\"@id\":\"https:\\\/\\\/avivasistemgrup.com\\\/ca\\\/interleaver\\\/#primaryimage\"},\"image\":{\"@id\":\"https:\\\/\\\/avivasistemgrup.com\\\/ca\\\/interleaver\\\/#primaryimage\"},\"thumbnailUrl\":\"http:\\\/\\\/www.avivasistemgrup.com\\\/wp-content\\\/uploads\\\/2013\\\/01\\\/interleaver1.jpg\",\"datePublished\":\"2013-01-04T11:21:32+00:00\",\"dateModified\":\"2020-02-03T07:41:16+00:00\",\"inLanguage\":\"ca\",\"potentialAction\":[{\"@type\":\"ReadAction\",\"target\":[\"https:\\\/\\\/avivasistemgrup.com\\\/ca\\\/interleaver\\\/\"]}]},{\"@type\":\"ImageObject\",\"inLanguage\":\"ca\",\"@id\":\"https:\\\/\\\/avivasistemgrup.com\\\/ca\\\/interleaver\\\/#primaryimage\",\"url\":\"http:\\\/\\\/www.avivasistemgrup.com\\\/wp-content\\\/uploads\\\/2013\\\/01\\\/interleaver1.jpg\",\"contentUrl\":\"http:\\\/\\\/www.avivasistemgrup.com\\\/wp-content\\\/uploads\\\/2013\\\/01\\\/interleaver1.jpg\"},{\"@type\":\"WebSite\",\"@id\":\"https:\\\/\\\/avivasistemgrup.com\\\/#website\",\"url\":\"https:\\\/\\\/avivasistemgrup.com\\\/\",\"name\":\"AVIVA Sistem Grup - Design &amp; Packaging\",\"description\":\"\",\"publisher\":{\"@id\":\"https:\\\/\\\/avivasistemgrup.com\\\/#organization\"},\"potentialAction\":[{\"@type\":\"SearchAction\",\"target\":{\"@type\":\"EntryPoint\",\"urlTemplate\":\"https:\\\/\\\/avivasistemgrup.com\\\/?s={search_term_string}\"},\"query-input\":{\"@type\":\"PropertyValueSpecification\",\"valueRequired\":true,\"valueName\":\"search_term_string\"}}],\"inLanguage\":\"ca\"},{\"@type\":\"Organization\",\"@id\":\"https:\\\/\\\/avivasistemgrup.com\\\/#organization\",\"name\":\"AVIVA Sistem Grup, S.L.\",\"url\":\"https:\\\/\\\/avivasistemgrup.com\\\/\",\"logo\":{\"@type\":\"ImageObject\",\"inLanguage\":\"ca\",\"@id\":\"https:\\\/\\\/avivasistemgrup.com\\\/#\\\/schema\\\/logo\\\/image\\\/\",\"url\":\"https:\\\/\\\/avivasistemgrup.com\\\/wp-content\\\/uploads\\\/2020\\\/02\\\/Logo-aviva-transp-02.png\",\"contentUrl\":\"https:\\\/\\\/avivasistemgrup.com\\\/wp-content\\\/uploads\\\/2020\\\/02\\\/Logo-aviva-transp-02.png\",\"width\":201,\"height\":96,\"caption\":\"AVIVA Sistem Grup, S.L.\"},\"image\":{\"@id\":\"https:\\\/\\\/avivasistemgrup.com\\\/#\\\/schema\\\/logo\\\/image\\\/\"}}]}<\/script>\n<!-- \/ Yoast SEO plugin. -->","yoast_head_json":{"title":"INTERLEAVER - AVIVA Sistem Grup - Design &amp; Packaging","robots":{"index":"index","follow":"follow","max-snippet":"max-snippet:-1","max-image-preview":"max-image-preview:large","max-video-preview":"max-video-preview:-1"},"canonical":"https:\/\/avivasistemgrup.com\/ca\/interleaver\/","og_locale":"ca_ES","og_type":"article","og_title":"INTERLEAVER - AVIVA Sistem Grup - Design &amp; Packaging","og_description":"INTERLEAVER Interleaver es un producto que puede realizarse en diversos materiales y su funci\u00f3n es la separaci\u00f3n de alimentos loncheados para facilitar el consumo del cliente. Su aplicaci\u00f3n actual en la industria alimentaria est\u00e1 destinada a los productos l\u00e1cteos y c\u00e1rnicos. Su presentaci\u00f3n es en bobinas, aunque","og_url":"https:\/\/avivasistemgrup.com\/ca\/interleaver\/","og_site_name":"AVIVA Sistem Grup - Design &amp; Packaging","article_modified_time":"2020-02-03T07:41:16+00:00","og_image":[{"url":"http:\/\/www.avivasistemgrup.com\/wp-content\/uploads\/2013\/01\/interleaver1.jpg","type":"","width":"","height":""}],"twitter_misc":{"Temps estimat de lectura":"1 minut"},"schema":{"@context":"https:\/\/schema.org","@graph":[{"@type":"WebPage","@id":"https:\/\/avivasistemgrup.com\/ca\/interleaver\/","url":"https:\/\/avivasistemgrup.com\/ca\/interleaver\/","name":"INTERLEAVER - AVIVA Sistem Grup - Design &amp; Packaging","isPartOf":{"@id":"https:\/\/avivasistemgrup.com\/#website"},"primaryImageOfPage":{"@id":"https:\/\/avivasistemgrup.com\/ca\/interleaver\/#primaryimage"},"image":{"@id":"https:\/\/avivasistemgrup.com\/ca\/interleaver\/#primaryimage"},"thumbnailUrl":"http:\/\/www.avivasistemgrup.com\/wp-content\/uploads\/2013\/01\/interleaver1.jpg","datePublished":"2013-01-04T11:21:32+00:00","dateModified":"2020-02-03T07:41:16+00:00","inLanguage":"ca","potentialAction":[{"@type":"ReadAction","target":["https:\/\/avivasistemgrup.com\/ca\/interleaver\/"]}]},{"@type":"ImageObject","inLanguage":"ca","@id":"https:\/\/avivasistemgrup.com\/ca\/interleaver\/#primaryimage","url":"http:\/\/www.avivasistemgrup.com\/wp-content\/uploads\/2013\/01\/interleaver1.jpg","contentUrl":"http:\/\/www.avivasistemgrup.com\/wp-content\/uploads\/2013\/01\/interleaver1.jpg"},{"@type":"WebSite","@id":"https:\/\/avivasistemgrup.com\/#website","url":"https:\/\/avivasistemgrup.com\/","name":"AVIVA Sistem Grup - Design &amp; Packaging","description":"","publisher":{"@id":"https:\/\/avivasistemgrup.com\/#organization"},"potentialAction":[{"@type":"SearchAction","target":{"@type":"EntryPoint","urlTemplate":"https:\/\/avivasistemgrup.com\/?s={search_term_string}"},"query-input":{"@type":"PropertyValueSpecification","valueRequired":true,"valueName":"search_term_string"}}],"inLanguage":"ca"},{"@type":"Organization","@id":"https:\/\/avivasistemgrup.com\/#organization","name":"AVIVA Sistem Grup, S.L.","url":"https:\/\/avivasistemgrup.com\/","logo":{"@type":"ImageObject","inLanguage":"ca","@id":"https:\/\/avivasistemgrup.com\/#\/schema\/logo\/image\/","url":"https:\/\/avivasistemgrup.com\/wp-content\/uploads\/2020\/02\/Logo-aviva-transp-02.png","contentUrl":"https:\/\/avivasistemgrup.com\/wp-content\/uploads\/2020\/02\/Logo-aviva-transp-02.png","width":201,"height":96,"caption":"AVIVA Sistem Grup, S.L."},"image":{"@id":"https:\/\/avivasistemgrup.com\/#\/schema\/logo\/image\/"}}]}},"_links":{"self":[{"href":"https:\/\/avivasistemgrup.com\/ca\/wp-json\/wp\/v2\/pages\/139","targetHints":{"allow":["GET"]}}],"collection":[{"href":"https:\/\/avivasistemgrup.com\/ca\/wp-json\/wp\/v2\/pages"}],"about":[{"href":"https:\/\/avivasistemgrup.com\/ca\/wp-json\/wp\/v2\/types\/page"}],"author":[{"embeddable":true,"href":"https:\/\/avivasistemgrup.com\/ca\/wp-json\/wp\/v2\/users\/1"}],"replies":[{"embeddable":true,"href":"https:\/\/avivasistemgrup.com\/ca\/wp-json\/wp\/v2\/comments?post=139"}],"version-history":[{"count":28,"href":"https:\/\/avivasistemgrup.com\/ca\/wp-json\/wp\/v2\/pages\/139\/revisions"}],"predecessor-version":[{"id":590,"href":"https:\/\/avivasistemgrup.com\/ca\/wp-json\/wp\/v2\/pages\/139\/revisions\/590"}],"wp:attachment":[{"href":"https:\/\/avivasistemgrup.com\/ca\/wp-json\/wp\/v2\/media?parent=139"}],"curies":[{"name":"wp","href":"https:\/\/api.w.org\/{rel}","templated":true}]}}